{"id":1110,"date":"2021-07-29T13:29:16","date_gmt":"2021-07-29T19:29:16","guid":{"rendered":"https:\/\/localhost\/cunreu.usac.edu.gt\/public_html\/?page_id=1110"},"modified":"2026-02-12T17:03:26","modified_gmt":"2026-02-12T23:03:26","slug":"inscripciones","status":"publish","type":"page","link":"https:\/\/cunreu.usac.edu.gt\/index.php\/actividades\/inscripciones\/","title":{"rendered":"INSCRIPCI\u00d3N DE ACTIVIDADES"},"content":{"rendered":"\t\t<div data-elementor-type=\"wp-page\" data-elementor-id=\"1110\" class=\"elementor elementor-1110\">\n\t\t\t\t\t\t\t\t\t<section class=\"elementor-section elementor-top-section elementor-element elementor-element-5e5da87 elementor-section-boxed elementor-section-height-default elementor-section-height-default\" data-id=\"5e5da87\" data-element_type=\"section\">\n\t\t\t\t\t\t<div class=\"elementor-container elementor-column-gap-default\">\n\t\t\t\t\t<div class=\"elementor-column elementor-col-100 elementor-top-column elementor-element elementor-element-c340526\" data-id=\"c340526\" data-element_type=\"column\">\n\t\t\t<div class=\"elementor-widget-wrap elementor-element-populated\">\n\t\t\t\t\t\t\t\t<div class=\"elementor-element elementor-element-b5b86b5 elementor-widget elementor-widget-image-gallery\" data-id=\"b5b86b5\" data-element_type=\"widget\" data-widget_type=\"image-gallery.default\">\n\t\t\t\t<div class=\"elementor-widget-container\">\n\t\t\t\t\t<div class=\"elementor-image-gallery\">\n\t\t\t<div id='gallery-1' class='gallery galleryid-1110 gallery-columns-3 gallery-size-medium'><figure class='gallery-item'>\n\t\t\t<div class='gallery-icon portrait'>\n\t\t\t\t<a data-elementor-open-lightbox=\"yes\" data-elementor-lightbox-slideshow=\"b5b86b5\" data-elementor-lightbox-title=\"Atentos!!! Instrucciones de las Actividades\" data-elementor-lightbox-description=\"\nEl Centro Universitario de Retalhuleu de La Universidad de San Carlos de Guatemala,  Para descargar tu constancia de participaci\u00f3n deb\u00e9s tomar en cuenta est\u00e1s instrucciones\" e-action-hash=\"#elementor-action%3Aaction%3Dlightbox%26settings%3DeyJpZCI6Mjk1MSwidXJsIjoiaHR0cHM6XC9cL2N1bnJldS51c2FjLmVkdS5ndFwvd3AtY29udGVudFwvdXBsb2Fkc1wvMjAyMlwvMTBcLzJjMzc3YTYwLTE0NDMtNGRhMC1iMjE4LWYxYzk3NjQ4ODJhMC5qcGciLCJzbGlkZXNob3ciOiJiNWI4NmI1In0%3D\" href='https:\/\/cunreu.usac.edu.gt\/wp-content\/uploads\/2022\/10\/2c377a60-1443-4da0-b218-f1c9764882a0.jpg'><img width=\"231\" height=\"300\" src=\"https:\/\/cunreu.usac.edu.gt\/wp-content\/uploads\/2022\/10\/2c377a60-1443-4da0-b218-f1c9764882a0-231x300.jpg\" class=\"attachment-medium size-medium\" alt=\"\" loading=\"lazy\" aria-describedby=\"gallery-1-2951\" srcset=\"https:\/\/cunreu.usac.edu.gt\/wp-content\/uploads\/2022\/10\/2c377a60-1443-4da0-b218-f1c9764882a0-231x300.jpg 231w, https:\/\/cunreu.usac.edu.gt\/wp-content\/uploads\/2022\/10\/2c377a60-1443-4da0-b218-f1c9764882a0.jpg 643w\" sizes=\"(max-width: 231px) 100vw, 231px\" \/><\/a>\n\t\t\t<\/div>\n\t\t\t\t<figcaption class='wp-caption-text gallery-caption' id='gallery-1-2951'>\n\t\t\t\tPara descargar tu constancia de participaci\u00f3n deb\u00e9s tomar en cuenta est\u00e1s instrucciones\n\t\t\t\t<\/figcaption><\/figure>\n\t\t<\/div>\n\t\t<\/div>\n\t\t\t\t<\/div>\n\t\t\t\t<\/div>\n\t\t\t\t<div class=\"elementor-element elementor-element-c292d4b elementor-widget elementor-widget-html\" data-id=\"c292d4b\" data-element_type=\"widget\" data-widget_type=\"html.default\">\n\t\t\t\t<div class=\"elementor-widget-container\">\n\t\t\t\r\n\r\n<iframe loading=\"lazy\" id=\"datosasis\" width=\"100%\" height=\"1100\" src=\"..\/..\/..\/validacionQR\/vistas\/inscripcion.php?variable1=''\"><\/iframe>\r\n\r\n<script>\r\n\r\n\r\nvar queryString = window.location.search;\r\nvar urlParams = new URLSearchParams(queryString);\r\nvar anuncioParam = urlParams.get('Actividad');\r\n\r\n\r\n\/\/ https:\/\/cunreu.usac.edu.gt\/inscripcion?Actividad=50\r\nconsole.log(anuncioParam);\r\n\r\ndocument.getElementById(\"datosasis\").src=\"..\/..\/..\/validacionQR\/vistas\/inscripcion.php?variable1=\"+anuncioParam;\r\n<\/script>\t\t<\/div>\n\t\t\t\t<\/div>\n\t\t\t\t\t<\/div>\n\t\t<\/div>\n\t\t\t\t\t\t\t<\/div>\n\t\t<\/section>\n\t\t\t\t\t\t\t<\/div>\n\t\t","protected":false},"excerpt":{"rendered":"<p>Para descargar tu constancia de participaci\u00f3n deb\u00e9s tomar en cuenta est\u00e1s instrucciones<\/p>\n","protected":false},"author":7,"featured_media":0,"parent":1081,"menu_order":0,"comment_status":"closed","ping_status":"closed","template":"","meta":[],"_links":{"self":[{"href":"https:\/\/cunreu.usac.edu.gt\/index.php\/wp-json\/wp\/v2\/pages\/1110"}],"collection":[{"href":"https:\/\/cunreu.usac.edu.gt\/index.php\/wp-json\/wp\/v2\/pages"}],"about":[{"href":"https:\/\/cunreu.usac.edu.gt\/index.php\/wp-json\/wp\/v2\/types\/page"}],"author":[{"embeddable":true,"href":"https:\/\/cunreu.usac.edu.gt\/index.php\/wp-json\/wp\/v2\/users\/7"}],"replies":[{"embeddable":true,"href":"https:\/\/cunreu.usac.edu.gt\/index.php\/wp-json\/wp\/v2\/comments?post=1110"}],"version-history":[{"count":206,"href":"https:\/\/cunreu.usac.edu.gt\/index.php\/wp-json\/wp\/v2\/pages\/1110\/revisions"}],"predecessor-version":[{"id":3048,"href":"https:\/\/cunreu.usac.edu.gt\/index.php\/wp-json\/wp\/v2\/pages\/1110\/revisions\/3048"}],"up":[{"embeddable":true,"href":"https:\/\/cunreu.usac.edu.gt\/index.php\/wp-json\/wp\/v2\/pages\/1081"}],"wp:attachment":[{"href":"https:\/\/cunreu.usac.edu.gt\/index.php\/wp-json\/wp\/v2\/media?parent=1110"}],"curies":[{"name":"wp","href":"https:\/\/api.w.org\/{rel}","templated":true}]}}