{"id":1470,"date":"2021-08-10T08:53:40","date_gmt":"2021-08-10T14:53:40","guid":{"rendered":"https:\/\/cunreu.usac.edu.gt\/?page_id=1470"},"modified":"2026-02-12T17:05:20","modified_gmt":"2026-02-12T23:05:20","slug":"antecedentes","status":"publish","type":"page","link":"https:\/\/cunreu.usac.edu.gt\/index.php\/antecedentes\/","title":{"rendered":"ANTECEDENTES"},"content":{"rendered":"\t\t<div data-elementor-type=\"wp-page\" data-elementor-id=\"1470\" class=\"elementor elementor-1470\">\n\t\t\t\t\t\t\t\t\t<section class=\"elementor-section elementor-top-section elementor-element elementor-element-d48c4bf elementor-section-boxed elementor-section-height-default elementor-section-height-default\" data-id=\"d48c4bf\" data-element_type=\"section\">\n\t\t\t\t\t\t<div class=\"elementor-container elementor-column-gap-default\">\n\t\t\t\t\t<div class=\"elementor-column elementor-col-100 elementor-top-column elementor-element elementor-element-5ec8cd4\" data-id=\"5ec8cd4\" data-element_type=\"column\">\n\t\t\t<div class=\"elementor-widget-wrap elementor-element-populated\">\n\t\t\t\t\t\t\t\t<section class=\"elementor-section elementor-inner-section elementor-element elementor-element-0d346a6 elementor-section-boxed elementor-section-height-default elementor-section-height-default\" data-id=\"0d346a6\" data-element_type=\"section\">\n\t\t\t\t\t\t<div class=\"elementor-container elementor-column-gap-default\">\n\t\t\t\t\t<div class=\"elementor-column elementor-col-50 elementor-inner-column elementor-element elementor-element-f685c1c\" data-id=\"f685c1c\" data-element_type=\"column\">\n\t\t\t<div class=\"elementor-widget-wrap elementor-element-populated\">\n\t\t\t\t\t\t\t\t<div class=\"elementor-element elementor-element-b91f550 elementor-widget elementor-widget-text-editor\" data-id=\"b91f550\" data-element_type=\"widget\" data-widget_type=\"text-editor.default\">\n\t\t\t\t<div class=\"elementor-widget-container\">\n\t\t\t\t\t\t\t<h2 style=\"text-align: justify; padding: 0px; margin: 0px; font-weight: normal;\">En consonancia con las pol\u00edticas generales de la Universidad de San Carlos de Guatemala, en lo relativo a la\u00a0 Ampliaci\u00f3n de la Cobertura de la Educaci\u00f3n Superior y\u00a0 el plan estrat\u00e9gico USAC-2022, que se refiere a la descentralizaci\u00f3n y desconcentraci\u00f3n universitaria; la Universidad de San Carlos de Guatemala a trav\u00e9s de la Coordinadora General de Planificaci\u00f3n, Asesor\u00eda de Vinculaci\u00f3n y Creaci\u00f3n de Centros Universitarios de Rector\u00eda, Consejo de Desarrollo Departamental de Retalhuleu \u2013CODEDE-, Municipalidad de San Felipe Retalhuleu, y Sociedad Civil, dan respuesta\u00a0 a los intereses de la regi\u00f3n y al potencial productivo del departamento, presentando esta propuesta que\u00a0 contiene la oferta acad\u00e9mica para el Centro Universitario de Retalhuleu \u2013CUNREU-.<\/h2>\t\t\t\t\t\t<\/div>\n\t\t\t\t<\/div>\n\t\t\t\t<div class=\"elementor-element elementor-element-12878fa elementor-hidden-tablet elementor-hidden-phone elementor-widget elementor-widget-spacer\" data-id=\"12878fa\" data-element_type=\"widget\" data-widget_type=\"spacer.default\">\n\t\t\t\t<div class=\"elementor-widget-container\">\n\t\t\t\t\t<div class=\"elementor-spacer\">\n\t\t\t<div class=\"elementor-spacer-inner\"><\/div>\n\t\t<\/div>\n\t\t\t\t<\/div>\n\t\t\t\t<\/div>\n\t\t\t\t<div class=\"elementor-element elementor-element-ba30401 elementor-widget elementor-widget-text-editor\" data-id=\"ba30401\" data-element_type=\"widget\" data-widget_type=\"text-editor.default\">\n\t\t\t\t<div class=\"elementor-widget-container\">\n\t\t\t\t\t\t\t<h2><div class=\"eds-animate  \" data-eds-entry-animation=\"flash\" data-eds-entry-delay=\"5\" data-eds-entry-duration=\"3\" data-eds-entry-timing=\"linear\" data-eds-exit-animation=\"\" data-eds-exit-delay=\"\" data-eds-exit-duration=\"\" data-eds-exit-timing=\"\" data-eds-repeat-count=\"1\" data-eds-keep=\"no\" data-eds-animate-on=\"scroll\" data-eds-scroll-offset=\"75\"> El Centro Universitario se constituye en una instancia experimental en la ense\u00f1anza-aprendizaje, donde prevalezca el desarrollo cient\u00edfico y tecnol\u00f3gico; privilegiando la investigaci\u00f3n para generar propuestas orientadas a la soluci\u00f3n de los problemas propios de la regi\u00f3n.<\/div><\/h2>\t\t\t\t\t\t<\/div>\n\t\t\t\t<\/div>\n\t\t\t\t<div class=\"elementor-element elementor-element-584d016 elementor-hidden-tablet elementor-hidden-phone elementor-widget elementor-widget-spacer\" data-id=\"584d016\" data-element_type=\"widget\" data-widget_type=\"spacer.default\">\n\t\t\t\t<div class=\"elementor-widget-container\">\n\t\t\t\t\t<div class=\"elementor-spacer\">\n\t\t\t<div class=\"elementor-spacer-inner\"><\/div>\n\t\t<\/div>\n\t\t\t\t<\/div>\n\t\t\t\t<\/div>\n\t\t\t\t<div class=\"elementor-element elementor-element-9098588 elementor-widget elementor-widget-text-editor\" data-id=\"9098588\" data-element_type=\"widget\" data-widget_type=\"text-editor.default\">\n\t\t\t\t<div class=\"elementor-widget-container\">\n\t\t\t\t\t\t\t<h2 style=\"text-align: justify; padding: 0px; margin: 0px; font-weight: normal;\">La creaci\u00f3n del CUNREU fue aprobado seg\u00fan Punto SEXTO, Inciso 6.2, del Acta No. 07-2016, de sesi\u00f3n del Consejo Superior Universitario en la fecha 13 de abril de 2016. Administrativamente ha iniciado a funcionar en julio de 2017 y la academia iniciar\u00e1 en enero de 2018.<\/h2>\t\t\t\t\t\t<\/div>\n\t\t\t\t<\/div>\n\t\t\t\t\t<\/div>\n\t\t<\/div>\n\t\t\t\t<div class=\"elementor-column elementor-col-50 elementor-inner-column elementor-element elementor-element-f672f61\" data-id=\"f672f61\" data-element_type=\"column\">\n\t\t\t<div class=\"elementor-widget-wrap elementor-element-populated\">\n\t\t\t\t\t\t\t\t<div class=\"elementor-element elementor-element-d42a400 animated-slow elementor-invisible elementor-widget elementor-widget-text-editor\" data-id=\"d42a400\" data-element_type=\"widget\" data-settings=\"{&quot;_animation&quot;:&quot;fadeInUp&quot;}\" data-widget_type=\"text-editor.default\">\n\t\t\t\t<div class=\"elementor-widget-container\">\n\t\t\t\t\t\t\t<p><div class=\"eds-animate  \" data-eds-entry-animation=\"tada\" data-eds-entry-delay=\"1\" data-eds-entry-duration=\"1\" data-eds-entry-timing=\"linear\" data-eds-exit-animation=\"\" data-eds-exit-delay=\"\" data-eds-exit-duration=\"\" data-eds-exit-timing=\"\" data-eds-repeat-count=\"1\" data-eds-keep=\"no\" data-eds-animate-on=\"scroll\" data-eds-scroll-offset=\"75\"><\/p>\n<!-- wp:paragraph -->\n<p style=\"text-align: center; font-size: calc(1em + 0.5vw);\"><img loading=\"lazy\" class=\"alignnone size-medium wp-image-170\" src=\"https:\/\/localhost\/cunreu.usac.edu.gt\/public_html\/wp-content\/uploads\/2019\/05\/Usac_logo-300x300.png\" alt=\"\" width=\"300\" height=\"300\" srcset=\"https:\/\/cunreu.usac.edu.gt\/wp-content\/uploads\/2019\/05\/Usac_logo-300x300.png 300w, https:\/\/cunreu.usac.edu.gt\/wp-content\/uploads\/2019\/05\/Usac_logo-150x150.png 150w, https:\/\/cunreu.usac.edu.gt\/wp-content\/uploads\/2019\/05\/Usac_logo.png 500w\" sizes=\"(max-width: 300px) 100vw, 300px\" \/><\/p>\n<!-- \/wp:paragraph -->\n<p><\/div><\/p>\t\t\t\t\t\t<\/div>\n\t\t\t\t<\/div>\n\t\t\t\t\t<\/div>\n\t\t<\/div>\n\t\t\t\t\t\t\t<\/div>\n\t\t<\/section>\n\t\t\t\t\t<\/div>\n\t\t<\/div>\n\t\t\t\t\t\t\t<\/div>\n\t\t<\/section>\n\t\t\t\t\t\t\t<\/div>\n\t\t","protected":false},"excerpt":{"rendered":"<p>En consonancia con las pol\u00edticas generales de la Universidad de San Carlos de Guatemala, en lo relativo a la\u00a0 Ampliaci\u00f3n de la Cobertura de la Educaci\u00f3n Superior y\u00a0 el plan estrat\u00e9gico USAC-2022, que se refiere a la descentralizaci\u00f3n y desconcentraci\u00f3n universitaria; la Universidad de San Carlos de Guatemala a trav\u00e9s de la Coordinadora General de &hellip;<br \/><a href=\"https:\/\/cunreu.usac.edu.gt\/index.php\/antecedentes\/\" class=\"more-link pen_button pen_element_default pen_icon_arrow_double\">Seguir leyendo <span class=\"screen-reader-text\">ANTECEDENTES<\/span><\/a><\/p>\n","protected":false},"author":7,"featured_media":0,"parent":0,"menu_order":0,"comment_status":"closed","ping_status":"closed","template":"","meta":[],"_links":{"self":[{"href":"https:\/\/cunreu.usac.edu.gt\/index.php\/wp-json\/wp\/v2\/pages\/1470"}],"collection":[{"href":"https:\/\/cunreu.usac.edu.gt\/index.php\/wp-json\/wp\/v2\/pages"}],"about":[{"href":"https:\/\/cunreu.usac.edu.gt\/index.php\/wp-json\/wp\/v2\/types\/page"}],"author":[{"embeddable":true,"href":"https:\/\/cunreu.usac.edu.gt\/index.php\/wp-json\/wp\/v2\/users\/7"}],"replies":[{"embeddable":true,"href":"https:\/\/cunreu.usac.edu.gt\/index.php\/wp-json\/wp\/v2\/comments?post=1470"}],"version-history":[{"count":13,"href":"https:\/\/cunreu.usac.edu.gt\/index.php\/wp-json\/wp\/v2\/pages\/1470\/revisions"}],"predecessor-version":[{"id":1483,"href":"https:\/\/cunreu.usac.edu.gt\/index.php\/wp-json\/wp\/v2\/pages\/1470\/revisions\/1483"}],"wp:attachment":[{"href":"https:\/\/cunreu.usac.edu.gt\/index.php\/wp-json\/wp\/v2\/media?parent=1470"}],"curies":[{"name":"wp","href":"https:\/\/api.w.org\/{rel}","templated":true}]}}