{"id":2033,"date":"2021-10-25T18:36:33","date_gmt":"2021-10-26T00:36:33","guid":{"rendered":"https:\/\/cunreu.usac.edu.gt\/?page_id=2033"},"modified":"2026-02-12T17:07:11","modified_gmt":"2026-02-12T23:07:11","slug":"tecnico-en-produccion-pecuaria","status":"publish","type":"page","link":"https:\/\/cunreu.usac.edu.gt\/index.php\/carreras\/tecnico-en-produccion-pecuaria\/","title":{"rendered":"T\u00c9CNICO EN PRODUCCI\u00d3N PECUARIA"},"content":{"rendered":"\t\t<div data-elementor-type=\"wp-page\" data-elementor-id=\"2033\" class=\"elementor elementor-2033\">\n\t\t\t\t\t\t\t\t\t<section class=\"elementor-section elementor-top-section elementor-element elementor-element-122508b elementor-section-boxed elementor-section-height-default elementor-section-height-default\" data-id=\"122508b\" data-element_type=\"section\">\n\t\t\t\t\t\t<div class=\"elementor-container elementor-column-gap-default\">\n\t\t\t\t\t<div class=\"elementor-column elementor-col-100 elementor-top-column elementor-element elementor-element-3a9d28a\" data-id=\"3a9d28a\" data-element_type=\"column\">\n\t\t\t<div class=\"elementor-widget-wrap elementor-element-populated\">\n\t\t\t\t\t\t\t\t<div class=\"elementor-element elementor-element-781aab9 elementor-widget elementor-widget-heading\" data-id=\"781aab9\" data-element_type=\"widget\" data-widget_type=\"heading.default\">\n\t\t\t\t<div class=\"elementor-widget-container\">\n\t\t\t<h2 class=\"elementor-heading-title elementor-size-default\">PRODUCTOR:<\/h2>\t\t<\/div>\n\t\t\t\t<\/div>\n\t\t\t\t\t<\/div>\n\t\t<\/div>\n\t\t\t\t\t\t\t<\/div>\n\t\t<\/section>\n\t\t\t\t<section class=\"elementor-section elementor-top-section elementor-element elementor-element-fc10381 elementor-section-boxed elementor-section-height-default elementor-section-height-default\" data-id=\"fc10381\" data-element_type=\"section\">\n\t\t\t\t\t\t<div class=\"elementor-container elementor-column-gap-default\">\n\t\t\t\t\t<div class=\"elementor-column elementor-col-100 elementor-top-column elementor-element elementor-element-d3ee4aa\" data-id=\"d3ee4aa\" data-element_type=\"column\">\n\t\t\t<div class=\"elementor-widget-wrap elementor-element-populated\">\n\t\t\t\t\t\t\t\t<div class=\"elementor-element elementor-element-8c3e440 elementor-widget elementor-widget-text-editor\" data-id=\"8c3e440\" data-element_type=\"widget\" data-widget_type=\"text-editor.default\">\n\t\t\t\t<div class=\"elementor-widget-container\">\n\t\t\t\t\t\t\t<h2 style=\"font-weight: normal; text-align: center;\">La carrera de T\u00e9cnico en Producci\u00f3n Pecuaria,\u00a0 tiene el compromiso de contribuir al desarrollo pecuario de la regi\u00f3n del sur-occidente del pa\u00eds, formando t\u00e9cnicos profesionales l\u00edderes, competentes, con valores, comprometidos con la producci\u00f3n animal, respetando el bienestar animal y la conservaci\u00f3n del medio ambiente.<\/h2>\t\t\t\t\t\t<\/div>\n\t\t\t\t<\/div>\n\t\t\t\t\t<\/div>\n\t\t<\/div>\n\t\t\t\t\t\t\t<\/div>\n\t\t<\/section>\n\t\t\t\t<section class=\"elementor-section elementor-top-section elementor-element elementor-element-a79f74e elementor-section-boxed elementor-section-height-default elementor-section-height-default\" data-id=\"a79f74e\" data-element_type=\"section\">\n\t\t\t\t\t\t<div class=\"elementor-container elementor-column-gap-default\">\n\t\t\t\t\t<div class=\"elementor-column elementor-col-100 elementor-top-column elementor-element elementor-element-17569e7\" data-id=\"17569e7\" data-element_type=\"column\">\n\t\t\t<div class=\"elementor-widget-wrap elementor-element-populated\">\n\t\t\t\t\t\t\t\t<div class=\"elementor-element elementor-element-a6b92b8 elementor-widget elementor-widget-heading\" data-id=\"a6b92b8\" data-element_type=\"widget\" data-widget_type=\"heading.default\">\n\t\t\t\t<div class=\"elementor-widget-container\">\n\t\t\t<h2 class=\"elementor-heading-title elementor-size-default\">OBJETIVOS:<\/h2>\t\t<\/div>\n\t\t\t\t<\/div>\n\t\t\t\t\t<\/div>\n\t\t<\/div>\n\t\t\t\t\t\t\t<\/div>\n\t\t<\/section>\n\t\t\t\t<section class=\"elementor-section elementor-top-section elementor-element elementor-element-a1c9e7b elementor-section-boxed elementor-section-height-default elementor-section-height-default\" data-id=\"a1c9e7b\" data-element_type=\"section\">\n\t\t\t\t\t\t<div class=\"elementor-container elementor-column-gap-default\">\n\t\t\t\t\t<div class=\"elementor-column elementor-col-100 elementor-top-column elementor-element elementor-element-5d21da4\" data-id=\"5d21da4\" data-element_type=\"column\">\n\t\t\t<div class=\"elementor-widget-wrap elementor-element-populated\">\n\t\t\t\t\t\t\t\t<section class=\"elementor-section elementor-inner-section elementor-element elementor-element-2b956fa elementor-section-boxed elementor-section-height-default elementor-section-height-default\" data-id=\"2b956fa\" data-element_type=\"section\">\n\t\t\t\t\t\t<div class=\"elementor-container elementor-column-gap-default\">\n\t\t\t\t\t<div class=\"elementor-column elementor-col-50 elementor-inner-column elementor-element elementor-element-adb0f5b\" data-id=\"adb0f5b\" data-element_type=\"column\">\n\t\t\t<div class=\"elementor-widget-wrap elementor-element-populated\">\n\t\t\t\t\t\t\t\t<div class=\"elementor-element elementor-element-fffcd8f elementor-view-default elementor-mobile-position-top elementor-vertical-align-top elementor-invisible elementor-widget elementor-widget-icon-box\" data-id=\"fffcd8f\" data-element_type=\"widget\" data-settings=\"{&quot;_animation&quot;:&quot;fadeInLeft&quot;}\" data-widget_type=\"icon-box.default\">\n\t\t\t\t<div class=\"elementor-widget-container\">\n\t\t\t\t\t<div class=\"elementor-icon-box-wrapper\">\n\t\t\t\t\t\t<div class=\"elementor-icon-box-icon\">\n\t\t\t\t<span class=\"elementor-icon elementor-animation-\" >\n\t\t\t\t<i aria-hidden=\"true\" class=\"fas fa-user-edit\"><\/i>\t\t\t\t<\/span>\n\t\t\t<\/div>\n\t\t\t\t\t\t<div class=\"elementor-icon-box-content\">\n\t\t\t\t<h2 class=\"elementor-icon-box-title\">\n\t\t\t\t\t<span  >\n\t\t\t\t\t\tContribuir\t\t\t\t\t<\/span>\n\t\t\t\t<\/h2>\n\t\t\t\t\t\t\t\t\t<p class=\"elementor-icon-box-description\">\n\t\t\t\t\t\tal desarrollo pecuario de la regi\u00f3n, manteniendo una vinculaci\u00f3n estrecha con el sector productivo y social\t\t\t\t\t<\/p>\n\t\t\t\t\t\t\t<\/div>\n\t\t<\/div>\n\t\t\t\t<\/div>\n\t\t\t\t<\/div>\n\t\t\t\t\t<\/div>\n\t\t<\/div>\n\t\t\t\t<div class=\"elementor-column elementor-col-50 elementor-inner-column elementor-element elementor-element-13d8b28\" data-id=\"13d8b28\" data-element_type=\"column\">\n\t\t\t<div class=\"elementor-widget-wrap elementor-element-populated\">\n\t\t\t\t\t\t\t\t<div class=\"elementor-element elementor-element-bd9e64a elementor-view-default elementor-mobile-position-top elementor-vertical-align-top elementor-invisible elementor-widget elementor-widget-icon-box\" data-id=\"bd9e64a\" data-element_type=\"widget\" data-settings=\"{&quot;_animation&quot;:&quot;fadeInRight&quot;}\" data-widget_type=\"icon-box.default\">\n\t\t\t\t<div class=\"elementor-widget-container\">\n\t\t\t\t\t<div class=\"elementor-icon-box-wrapper\">\n\t\t\t\t\t\t<div class=\"elementor-icon-box-icon\">\n\t\t\t\t<span class=\"elementor-icon elementor-animation-\" >\n\t\t\t\t<i aria-hidden=\"true\" class=\"fas fa-user-tie\"><\/i>\t\t\t\t<\/span>\n\t\t\t<\/div>\n\t\t\t\t\t\t<div class=\"elementor-icon-box-content\">\n\t\t\t\t<h2 class=\"elementor-icon-box-title\">\n\t\t\t\t\t<span  >\n\t\t\t\t\t\tFormar\t\t\t\t\t<\/span>\n\t\t\t\t<\/h2>\n\t\t\t\t\t\t\t\t\t<p class=\"elementor-icon-box-description\">\n\t\t\t\t\t\tprofesionales con un amplio compromiso social, cient\u00edfico y tecnol\u00f3gico, de excelencia acad\u00e9mica, capaces de contribuir a mejorar el nivel socio-econ\u00f3mico de la regi\u00f3n \t\t\t\t\t<\/p>\n\t\t\t\t\t\t\t<\/div>\n\t\t<\/div>\n\t\t\t\t<\/div>\n\t\t\t\t<\/div>\n\t\t\t\t\t<\/div>\n\t\t<\/div>\n\t\t\t\t\t\t\t<\/div>\n\t\t<\/section>\n\t\t\t\t\t<\/div>\n\t\t<\/div>\n\t\t\t\t\t\t\t<\/div>\n\t\t<\/section>\n\t\t\t\t<section class=\"elementor-section elementor-top-section elementor-element elementor-element-d235c4c elementor-section-boxed elementor-section-height-default elementor-section-height-default\" data-id=\"d235c4c\" data-element_type=\"section\">\n\t\t\t\t\t\t<div class=\"elementor-container elementor-column-gap-default\">\n\t\t\t\t\t<div class=\"elementor-column elementor-col-100 elementor-top-column elementor-element elementor-element-a7b7a02\" data-id=\"a7b7a02\" data-element_type=\"column\">\n\t\t\t<div class=\"elementor-widget-wrap elementor-element-populated\">\n\t\t\t\t\t\t\t\t<div class=\"elementor-element elementor-element-c674731 elementor-view-default elementor-mobile-position-top elementor-vertical-align-top elementor-invisible elementor-widget elementor-widget-icon-box\" data-id=\"c674731\" data-element_type=\"widget\" data-settings=\"{&quot;_animation&quot;:&quot;fadeInLeft&quot;}\" data-widget_type=\"icon-box.default\">\n\t\t\t\t<div class=\"elementor-widget-container\">\n\t\t\t\t\t<div class=\"elementor-icon-box-wrapper\">\n\t\t\t\t\t\t<div class=\"elementor-icon-box-icon\">\n\t\t\t\t<span class=\"elementor-icon elementor-animation-\" >\n\t\t\t\t<i aria-hidden=\"true\" class=\"fas fa-search-dollar\"><\/i>\t\t\t\t<\/span>\n\t\t\t<\/div>\n\t\t\t\t\t\t<div class=\"elementor-icon-box-content\">\n\t\t\t\t<h2 class=\"elementor-icon-box-title\">\n\t\t\t\t\t<span  >\n\t\t\t\t\t\tCoadyuvar\t\t\t\t\t<\/span>\n\t\t\t\t<\/h2>\n\t\t\t\t\t\t\t\t\t<p class=\"elementor-icon-box-description\">\n\t\t\t\t\t\ta la soluci\u00f3n de problem\u00e1ticas del entorno, a trav\u00e9s de programas que fomenten el desarrollo pecuario de la zona. \t\t\t\t\t<\/p>\n\t\t\t\t\t\t\t<\/div>\n\t\t<\/div>\n\t\t\t\t<\/div>\n\t\t\t\t<\/div>\n\t\t\t\t<div class=\"elementor-element elementor-element-5e22d2a elementor-widget elementor-widget-image-gallery\" data-id=\"5e22d2a\" data-element_type=\"widget\" data-widget_type=\"image-gallery.default\">\n\t\t\t\t<div class=\"elementor-widget-container\">\n\t\t\t\t\t<div class=\"elementor-image-gallery\">\n\t\t\t<div id='gallery-1' class='gallery galleryid-2033 gallery-columns-4 gallery-size-thumbnail'><figure class='gallery-item'>\n\t\t\t<div class='gallery-icon landscape'>\n\t\t\t\t<a data-elementor-open-lightbox=\"yes\" data-elementor-lightbox-slideshow=\"5e22d2a\" data-elementor-lightbox-title=\"Productor Av\u00edcola\" data-elementor-lightbox-description=\"Productor Av\u00edcola -CUNREU USAC -\" e-action-hash=\"#elementor-action%3Aaction%3Dlightbox%26settings%3DeyJpZCI6MjAzOSwidXJsIjoiaHR0cHM6XC9cL2N1bnJldS51c2FjLmVkdS5ndFwvd3AtY29udGVudFwvdXBsb2Fkc1wvMjAyMVwvMTBcL1Byb2R1Y3Rvci1Bdmljb2xhLnBuZyIsInNsaWRlc2hvdyI6IjVlMjJkMmEifQ%3D%3D\" href='https:\/\/cunreu.usac.edu.gt\/wp-content\/uploads\/2021\/10\/Productor-Avicola.png'><img width=\"150\" height=\"150\" src=\"https:\/\/cunreu.usac.edu.gt\/wp-content\/uploads\/2021\/10\/Productor-Avicola-150x150.png\" class=\"attachment-thumbnail size-thumbnail\" alt=\"\" loading=\"lazy\" aria-describedby=\"gallery-1-2039\" srcset=\"https:\/\/cunreu.usac.edu.gt\/wp-content\/uploads\/2021\/10\/Productor-Avicola-150x150.png 150w, https:\/\/cunreu.usac.edu.gt\/wp-content\/uploads\/2021\/10\/Productor-Avicola-225x225.png 225w\" sizes=\"(max-width: 150px) 100vw, 150px\" \/><\/a>\n\t\t\t<\/div>\n\t\t\t\t<figcaption class='wp-caption-text gallery-caption' id='gallery-1-2039'>\n\t\t\t\tProductor Av\u00edcola \n\t\t\t\t<\/figcaption><\/figure><figure class='gallery-item'>\n\t\t\t<div class='gallery-icon landscape'>\n\t\t\t\t<a data-elementor-open-lightbox=\"yes\" data-elementor-lightbox-slideshow=\"5e22d2a\" data-elementor-lightbox-title=\"Productor de C\u00e1rnicos\" data-elementor-lightbox-description=\"Productor de C\u00e1rnicos -CUNREU USAC-\" e-action-hash=\"#elementor-action%3Aaction%3Dlightbox%26settings%3DeyJpZCI6MjA0MCwidXJsIjoiaHR0cHM6XC9cL2N1bnJldS51c2FjLmVkdS5ndFwvd3AtY29udGVudFwvdXBsb2Fkc1wvMjAyMVwvMTBcL1Byb2R1Y3Rvci1kZS1DYXJuaWNvcy5wbmciLCJzbGlkZXNob3ciOiI1ZTIyZDJhIn0%3D\" href='https:\/\/cunreu.usac.edu.gt\/wp-content\/uploads\/2021\/10\/Productor-de-Carnicos.png'><img width=\"150\" height=\"150\" src=\"https:\/\/cunreu.usac.edu.gt\/wp-content\/uploads\/2021\/10\/Productor-de-Carnicos-150x150.png\" class=\"attachment-thumbnail size-thumbnail\" alt=\"\" loading=\"lazy\" aria-describedby=\"gallery-1-2040\" srcset=\"https:\/\/cunreu.usac.edu.gt\/wp-content\/uploads\/2021\/10\/Productor-de-Carnicos-150x150.png 150w, https:\/\/cunreu.usac.edu.gt\/wp-content\/uploads\/2021\/10\/Productor-de-Carnicos-225x225.png 225w\" sizes=\"(max-width: 150px) 100vw, 150px\" \/><\/a>\n\t\t\t<\/div>\n\t\t\t\t<figcaption class='wp-caption-text gallery-caption' id='gallery-1-2040'>\n\t\t\t\tProductor de C\u00e1rnicos \n\t\t\t\t<\/figcaption><\/figure><figure class='gallery-item'>\n\t\t\t<div class='gallery-icon landscape'>\n\t\t\t\t<a data-elementor-open-lightbox=\"yes\" data-elementor-lightbox-slideshow=\"5e22d2a\" data-elementor-lightbox-title=\"Productor de Leche\" data-elementor-lightbox-description=\"Productores de Leche -CUNREU USAC -\" e-action-hash=\"#elementor-action%3Aaction%3Dlightbox%26settings%3DeyJpZCI6MjA0MSwidXJsIjoiaHR0cHM6XC9cL2N1bnJldS51c2FjLmVkdS5ndFwvd3AtY29udGVudFwvdXBsb2Fkc1wvMjAyMVwvMTBcL1Byb2R1Y3Rvci1kZS1MZWNoZS5wbmciLCJzbGlkZXNob3ciOiI1ZTIyZDJhIn0%3D\" href='https:\/\/cunreu.usac.edu.gt\/wp-content\/uploads\/2021\/10\/Productor-de-Leche.png'><img width=\"150\" height=\"150\" src=\"https:\/\/cunreu.usac.edu.gt\/wp-content\/uploads\/2021\/10\/Productor-de-Leche-150x150.png\" class=\"attachment-thumbnail size-thumbnail\" alt=\"\" loading=\"lazy\" aria-describedby=\"gallery-1-2041\" srcset=\"https:\/\/cunreu.usac.edu.gt\/wp-content\/uploads\/2021\/10\/Productor-de-Leche-150x150.png 150w, https:\/\/cunreu.usac.edu.gt\/wp-content\/uploads\/2021\/10\/Productor-de-Leche-225x225.png 225w\" sizes=\"(max-width: 150px) 100vw, 150px\" \/><\/a>\n\t\t\t<\/div>\n\t\t\t\t<figcaption class='wp-caption-text gallery-caption' id='gallery-1-2041'>\n\t\t\t\tProductores de Leche \n\t\t\t\t<\/figcaption><\/figure><figure class='gallery-item'>\n\t\t\t<div class='gallery-icon landscape'>\n\t\t\t\t<a data-elementor-open-lightbox=\"yes\" data-elementor-lightbox-slideshow=\"5e22d2a\" data-elementor-lightbox-title=\"Productor de Miel\" data-elementor-lightbox-description=\"Productores de Miel - CUNREU USAC -\" e-action-hash=\"#elementor-action%3Aaction%3Dlightbox%26settings%3DeyJpZCI6MjA0MiwidXJsIjoiaHR0cHM6XC9cL2N1bnJldS51c2FjLmVkdS5ndFwvd3AtY29udGVudFwvdXBsb2Fkc1wvMjAyMVwvMTBcL1Byb2R1Y3Rvci1kZS1NaWVsLnBuZyIsInNsaWRlc2hvdyI6IjVlMjJkMmEifQ%3D%3D\" href='https:\/\/cunreu.usac.edu.gt\/wp-content\/uploads\/2021\/10\/Productor-de-Miel.png'><img width=\"150\" height=\"150\" src=\"https:\/\/cunreu.usac.edu.gt\/wp-content\/uploads\/2021\/10\/Productor-de-Miel-150x150.png\" class=\"attachment-thumbnail size-thumbnail\" alt=\"\" loading=\"lazy\" aria-describedby=\"gallery-1-2042\" srcset=\"https:\/\/cunreu.usac.edu.gt\/wp-content\/uploads\/2021\/10\/Productor-de-Miel-150x150.png 150w, https:\/\/cunreu.usac.edu.gt\/wp-content\/uploads\/2021\/10\/Productor-de-Miel-225x225.png 225w\" sizes=\"(max-width: 150px) 100vw, 150px\" \/><\/a>\n\t\t\t<\/div>\n\t\t\t\t<figcaption class='wp-caption-text gallery-caption' id='gallery-1-2042'>\n\t\t\t\tProductores de Miel \n\t\t\t\t<\/figcaption><\/figure>\n\t\t<\/div>\n\t\t<\/div>\n\t\t\t\t<\/div>\n\t\t\t\t<\/div>\n\t\t\t\t\t<\/div>\n\t\t<\/div>\n\t\t\t\t\t\t\t<\/div>\n\t\t<\/section>\n\t\t\t\t<section class=\"elementor-section elementor-top-section elementor-element elementor-element-1fd2722 elementor-section-boxed elementor-section-height-default elementor-section-height-default\" data-id=\"1fd2722\" data-element_type=\"section\">\n\t\t\t\t\t\t<div class=\"elementor-container elementor-column-gap-default\">\n\t\t\t\t\t<div class=\"elementor-column elementor-col-100 elementor-top-column elementor-element elementor-element-275670e\" data-id=\"275670e\" data-element_type=\"column\">\n\t\t\t<div class=\"elementor-widget-wrap elementor-element-populated\">\n\t\t\t\t\t\t\t\t<section class=\"elementor-section elementor-inner-section elementor-element elementor-element-6ab9228 elementor-section-boxed elementor-section-height-default elementor-section-height-default\" data-id=\"6ab9228\" data-element_type=\"section\">\n\t\t\t\t\t\t<div class=\"elementor-container elementor-column-gap-default\">\n\t\t\t\t\t<div class=\"elementor-column elementor-col-50 elementor-inner-column elementor-element elementor-element-6cbcc81\" data-id=\"6cbcc81\" data-element_type=\"column\">\n\t\t\t<div class=\"elementor-widget-wrap elementor-element-populated\">\n\t\t\t\t\t\t\t\t<div class=\"elementor-element elementor-element-88204d1 elementor-widget elementor-widget-heading\" data-id=\"88204d1\" data-element_type=\"widget\" data-widget_type=\"heading.default\">\n\t\t\t\t<div class=\"elementor-widget-container\">\n\t\t\t<h2 class=\"elementor-heading-title elementor-size-default\">MODALIDAD DE ESTUDIO<\/h2>\t\t<\/div>\n\t\t\t\t<\/div>\n\t\t\t\t<div class=\"elementor-element elementor-element-947576e elementor-view-default elementor-mobile-position-top elementor-vertical-align-top elementor-invisible elementor-widget elementor-widget-icon-box\" data-id=\"947576e\" data-element_type=\"widget\" data-settings=\"{&quot;_animation&quot;:&quot;fadeInLeft&quot;}\" data-widget_type=\"icon-box.default\">\n\t\t\t\t<div class=\"elementor-widget-container\">\n\t\t\t\t\t<div class=\"elementor-icon-box-wrapper\">\n\t\t\t\t\t\t<div class=\"elementor-icon-box-icon\">\n\t\t\t\t<span class=\"elementor-icon elementor-animation-\" >\n\t\t\t\t<i aria-hidden=\"true\" class=\"far fa-clock\"><\/i>\t\t\t\t<\/span>\n\t\t\t<\/div>\n\t\t\t\t\t\t<div class=\"elementor-icon-box-content\">\n\t\t\t\t<h2 class=\"elementor-icon-box-title\">\n\t\t\t\t\t<span  >\n\t\t\t\t\t\tHORARIO\t\t\t\t\t<\/span>\n\t\t\t\t<\/h2>\n\t\t\t\t\t\t\t\t\t<p class=\"elementor-icon-box-description\">\n\t\t\t\t\t\tLunes a viernes de 15:00 a 22:00 horas.\t\t\t\t\t<\/p>\n\t\t\t\t\t\t\t<\/div>\n\t\t<\/div>\n\t\t\t\t<\/div>\n\t\t\t\t<\/div>\n\t\t\t\t\t<\/div>\n\t\t<\/div>\n\t\t\t\t<div class=\"elementor-column elementor-col-50 elementor-inner-column elementor-element elementor-element-447442b\" data-id=\"447442b\" data-element_type=\"column\">\n\t\t\t<div class=\"elementor-widget-wrap elementor-element-populated\">\n\t\t\t\t\t\t\t\t<div class=\"elementor-element elementor-element-bb8db2d elementor-widget elementor-widget-heading\" data-id=\"bb8db2d\" data-element_type=\"widget\" data-widget_type=\"heading.default\">\n\t\t\t\t<div class=\"elementor-widget-container\">\n\t\t\t<h2 class=\"elementor-heading-title elementor-size-default\">REQUISITOS DE ADMISI\u00d3N:<\/h2>\t\t<\/div>\n\t\t\t\t<\/div>\n\t\t\t\t<div class=\"elementor-element elementor-element-4d744d6 elementor-view-default elementor-mobile-position-top elementor-vertical-align-top elementor-invisible elementor-widget elementor-widget-icon-box\" data-id=\"4d744d6\" data-element_type=\"widget\" data-settings=\"{&quot;_animation&quot;:&quot;fadeInLeft&quot;}\" data-widget_type=\"icon-box.default\">\n\t\t\t\t<div class=\"elementor-widget-container\">\n\t\t\t\t\t<div class=\"elementor-icon-box-wrapper\">\n\t\t\t\t\t\t<div class=\"elementor-icon-box-icon\">\n\t\t\t\t<span class=\"elementor-icon elementor-animation-\" >\n\t\t\t\t<i aria-hidden=\"true\" class=\"fas fa-check\"><\/i>\t\t\t\t<\/span>\n\t\t\t<\/div>\n\t\t\t\t\t\t<div class=\"elementor-icon-box-content\">\n\t\t\t\t<h2 class=\"elementor-icon-box-title\">\n\t\t\t\t\t<span  >\n\t\t\t\t\t\tPRUEBAS\t\t\t\t\t<\/span>\n\t\t\t\t<\/h2>\n\t\t\t\t\t\t\t\t\t<p class=\"elementor-icon-box-description\">\n\t\t\t\t\t\tPrueba de Orientaci\u00f3n Vocacional.\nPrueba B\u00e1sica de Lenguaje.\nPrueba Especifica\t\t\t\t\t<\/p>\n\t\t\t\t\t\t\t<\/div>\n\t\t<\/div>\n\t\t\t\t<\/div>\n\t\t\t\t<\/div>\n\t\t\t\t\t<\/div>\n\t\t<\/div>\n\t\t\t\t\t\t\t<\/div>\n\t\t<\/section>\n\t\t\t\t\t<\/div>\n\t\t<\/div>\n\t\t\t\t\t\t\t<\/div>\n\t\t<\/section>\n\t\t\t\t\t\t\t<\/div>\n\t\t","protected":false},"excerpt":{"rendered":"<p>PRODUCTOR: La carrera de T\u00e9cnico en Producci\u00f3n Pecuaria,\u00a0 tiene el compromiso de contribuir al desarrollo pecuario de la regi\u00f3n del sur-occidente del pa\u00eds, formando t\u00e9cnicos profesionales l\u00edderes, competentes, con valores, comprometidos con la producci\u00f3n animal, respetando el bienestar animal y la conservaci\u00f3n del medio ambiente. OBJETIVOS: Contribuir al desarrollo pecuario de la regi\u00f3n, manteniendo una &hellip;<br \/><a href=\"https:\/\/cunreu.usac.edu.gt\/index.php\/carreras\/tecnico-en-produccion-pecuaria\/\" class=\"more-link pen_button pen_element_default pen_icon_arrow_double\">Seguir leyendo <span class=\"screen-reader-text\">T\u00c9CNICO EN PRODUCCI\u00d3N PECUARIA<\/span><\/a><\/p>\n","protected":false},"author":7,"featured_media":0,"parent":23,"menu_order":3,"comment_status":"closed","ping_status":"closed","template":"","meta":[],"_links":{"self":[{"href":"https:\/\/cunreu.usac.edu.gt\/index.php\/wp-json\/wp\/v2\/pages\/2033"}],"collection":[{"href":"https:\/\/cunreu.usac.edu.gt\/index.php\/wp-json\/wp\/v2\/pages"}],"about":[{"href":"https:\/\/cunreu.usac.edu.gt\/index.php\/wp-json\/wp\/v2\/types\/page"}],"author":[{"embeddable":true,"href":"https:\/\/cunreu.usac.edu.gt\/index.php\/wp-json\/wp\/v2\/users\/7"}],"replies":[{"embeddable":true,"href":"https:\/\/cunreu.usac.edu.gt\/index.php\/wp-json\/wp\/v2\/comments?post=2033"}],"version-history":[{"count":16,"href":"https:\/\/cunreu.usac.edu.gt\/index.php\/wp-json\/wp\/v2\/pages\/2033\/revisions"}],"predecessor-version":[{"id":3014,"href":"https:\/\/cunreu.usac.edu.gt\/index.php\/wp-json\/wp\/v2\/pages\/2033\/revisions\/3014"}],"up":[{"embeddable":true,"href":"https:\/\/cunreu.usac.edu.gt\/index.php\/wp-json\/wp\/v2\/pages\/23"}],"wp:attachment":[{"href":"https:\/\/cunreu.usac.edu.gt\/index.php\/wp-json\/wp\/v2\/media?parent=2033"}],"curies":[{"name":"wp","href":"https:\/\/api.w.org\/{rel}","templated":true}]}}