{"id":23,"date":"2017-06-20T20:33:55","date_gmt":"2017-06-21T02:33:55","guid":{"rendered":"http:\/\/c3.usac.edu.gt\/cunreu.usac.edu.gt\/public_html\/?page_id=23"},"modified":"2026-02-12T17:05:41","modified_gmt":"2026-02-12T23:05:41","slug":"carreras","status":"publish","type":"page","link":"https:\/\/cunreu.usac.edu.gt\/index.php\/carreras\/","title":{"rendered":"CARRERAS"},"content":{"rendered":"<p><strong>Licenciatura en Zootecnia<\/strong><\/p>\n<p>La Zootecnia es la ciencia y arte de la cr\u00eda, manejo y explotaci\u00f3n racional de las especies animales, econ\u00f3micamente importante para el hombre, incluyendo su industrializaci\u00f3n y comercializaci\u00f3n. La Carrera de Zootecnia es un proyecto educativo que formar\u00e1 profesionales capacitados. En el nivel de licenciatura asumir\u00e1 los roles de: Docente universitario, empresario, gerente de ventas, director de programas de producci\u00f3n animal y de desarrollo.<\/p>\n<p><strong>Licenciatura en Administraci\u00f3n de Recursos Tur\u00edsticos<\/strong><\/p>\n<p>La carrera propone contribuir al desarrollo econ\u00f3mico, social, y cultural tanto a nivel regional como nacional a trav\u00e9s de la formaci\u00f3n de recurso humano calificado en la Administraci\u00f3n y Planificaci\u00f3n de los Recursos Tur\u00edsticos del Pa\u00eds, coadyuvando a mejorar la calidad de vida de la poblaci\u00f3n mediante la protecci\u00f3n y conservaci\u00f3n de los atractivos tur\u00edsticos existentes en el \u00e1rea.<\/p>\n","protected":false},"excerpt":{"rendered":"<p>Licenciatura en Zootecnia La Zootecnia es la ciencia y arte de la cr\u00eda, manejo y explotaci\u00f3n racional de las especies animales, econ\u00f3micamente importante para el hombre, incluyendo su industrializaci\u00f3n y comercializaci\u00f3n. La Carrera de Zootecnia es un proyecto educativo que formar\u00e1 profesionales capacitados. En el nivel de licenciatura asumir\u00e1 los roles de: Docente universitario, empresario, &hellip;<br \/><a href=\"https:\/\/cunreu.usac.edu.gt\/index.php\/carreras\/\" class=\"more-link pen_button pen_element_default pen_icon_arrow_double\">Seguir leyendo <span class=\"screen-reader-text\">CARRERAS<\/span><\/a><\/p>\n","protected":false},"author":1,"featured_media":0,"parent":0,"menu_order":3,"comment_status":"closed","ping_status":"closed","template":"","meta":[],"_links":{"self":[{"href":"https:\/\/cunreu.usac.edu.gt\/index.php\/wp-json\/wp\/v2\/pages\/23"}],"collection":[{"href":"https:\/\/cunreu.usac.edu.gt\/index.php\/wp-json\/wp\/v2\/pages"}],"about":[{"href":"https:\/\/cunreu.usac.edu.gt\/index.php\/wp-json\/wp\/v2\/types\/page"}],"author":[{"embeddable":true,"href":"https:\/\/cunreu.usac.edu.gt\/index.php\/wp-json\/wp\/v2\/users\/1"}],"replies":[{"embeddable":true,"href":"https:\/\/cunreu.usac.edu.gt\/index.php\/wp-json\/wp\/v2\/comments?post=23"}],"version-history":[{"count":4,"href":"https:\/\/cunreu.usac.edu.gt\/index.php\/wp-json\/wp\/v2\/pages\/23\/revisions"}],"predecessor-version":[{"id":378,"href":"https:\/\/cunreu.usac.edu.gt\/index.php\/wp-json\/wp\/v2\/pages\/23\/revisions\/378"}],"wp:attachment":[{"href":"https:\/\/cunreu.usac.edu.gt\/index.php\/wp-json\/wp\/v2\/media?parent=23"}],"curies":[{"name":"wp","href":"https:\/\/api.w.org\/{rel}","templated":true}]}}