{"id":2661,"date":"2022-07-25T14:55:44","date_gmt":"2022-07-25T20:55:44","guid":{"rendered":"https:\/\/cunreu.usac.edu.gt\/?page_id=2661"},"modified":"2026-03-24T18:20:15","modified_gmt":"2026-03-25T00:20:15","slug":"reglamentos","status":"publish","type":"page","link":"https:\/\/cunreu.usac.edu.gt\/index.php\/reglamentos\/","title":{"rendered":"REGLAMENTOS y NORMATIVOS"},"content":{"rendered":"\t\t<div data-elementor-type=\"wp-page\" data-elementor-id=\"2661\" class=\"elementor elementor-2661\">\n\t\t\t\t\t\t\t\t\t<section class=\"elementor-section elementor-top-section elementor-element elementor-element-4d0dd4c elementor-section-boxed elementor-section-height-default elementor-section-height-default\" data-id=\"4d0dd4c\" data-element_type=\"section\">\n\t\t\t\t\t\t<div class=\"elementor-container elementor-column-gap-default\">\n\t\t\t\t\t<div class=\"elementor-column elementor-col-50 elementor-top-column elementor-element elementor-element-3f7a035\" data-id=\"3f7a035\" data-element_type=\"column\">\n\t\t\t<div class=\"elementor-widget-wrap elementor-element-populated\">\n\t\t\t\t\t\t\t\t<section class=\"elementor-section elementor-inner-section elementor-element elementor-element-ddc037a elementor-section-boxed elementor-section-height-default elementor-section-height-default\" data-id=\"ddc037a\" data-element_type=\"section\">\n\t\t\t\t\t\t<div class=\"elementor-container elementor-column-gap-default\">\n\t\t\t\t\t<div class=\"elementor-column elementor-col-33 elementor-inner-column elementor-element elementor-element-5b90b2f\" data-id=\"5b90b2f\" data-element_type=\"column\">\n\t\t\t<div class=\"elementor-widget-wrap elementor-element-populated\">\n\t\t\t\t\t\t\t\t<div class=\"elementor-element elementor-element-3bd3b37 elementor-view-default elementor-mobile-position-top elementor-vertical-align-top elementor-widget elementor-widget-icon-box\" data-id=\"3bd3b37\" data-element_type=\"widget\" data-widget_type=\"icon-box.default\">\n\t\t\t\t<div class=\"elementor-widget-container\">\n\t\t\t\t\t<div class=\"elementor-icon-box-wrapper\">\n\t\t\t\t\t\t<div class=\"elementor-icon-box-icon\">\n\t\t\t\t<a class=\"elementor-icon elementor-animation-\" href=\"https:\/\/cunreu.usac.edu.gt\/wp-content\/uploads\/2025\/05\/NORMATIVO-DE-EJERCICIO-PROFESIONAL-SUPERVISADO-TURISMO-modificado-marzo-2025.pdf\">\n\t\t\t\t<i aria-hidden=\"true\" class=\"fas fa-file\"><\/i>\t\t\t\t<\/a>\n\t\t\t<\/div>\n\t\t\t\t\t\t<div class=\"elementor-icon-box-content\">\n\t\t\t\t<h3 class=\"elementor-icon-box-title\">\n\t\t\t\t\t<a href=\"https:\/\/cunreu.usac.edu.gt\/wp-content\/uploads\/2025\/05\/NORMATIVO-DE-EJERCICIO-PROFESIONAL-SUPERVISADO-TURISMO-modificado-marzo-2025.pdf\" >\n\t\t\t\t\t\tNORMATIVO DE EJERCICIO PROFESIONAL SUPERVISADO\t\t\t\t\t<\/a>\n\t\t\t\t<\/h3>\n\t\t\t\t\t\t\t\t\t<p class=\"elementor-icon-box-description\">\n\t\t\t\t\t\tNormativo de la carrera de Administraci\u00f3n de Recursos Tur\u00edsticos en el grado de licenciatura del Centro Universitario de Retalhuleu\n\t\t\t\t\t<\/p>\n\t\t\t\t\t\t\t<\/div>\n\t\t<\/div>\n\t\t\t\t<\/div>\n\t\t\t\t<\/div>\n\t\t\t\t\t<\/div>\n\t\t<\/div>\n\t\t\t\t<div class=\"elementor-column elementor-col-33 elementor-inner-column elementor-element elementor-element-1005dce\" data-id=\"1005dce\" data-element_type=\"column\">\n\t\t\t<div class=\"elementor-widget-wrap elementor-element-populated\">\n\t\t\t\t\t\t\t\t<div class=\"elementor-element elementor-element-6653049 elementor-view-default elementor-mobile-position-top elementor-vertical-align-top elementor-widget elementor-widget-icon-box\" data-id=\"6653049\" data-element_type=\"widget\" data-widget_type=\"icon-box.default\">\n\t\t\t\t<div class=\"elementor-widget-container\">\n\t\t\t\t\t<div class=\"elementor-icon-box-wrapper\">\n\t\t\t\t\t\t<div class=\"elementor-icon-box-icon\">\n\t\t\t\t<a class=\"elementor-icon elementor-animation-\" href=\"https:\/\/cunreu.usac.edu.gt\/wp-content\/uploads\/2022\/07\/Normativo-de-Estudios-de-Postgrado-Del-Centro-Universitario-de-Retalhuleu-APROBADO-E-IMPRESO.pdf\">\n\t\t\t\t<i aria-hidden=\"true\" class=\"fas fa-file\"><\/i>\t\t\t\t<\/a>\n\t\t\t<\/div>\n\t\t\t\t\t\t<div class=\"elementor-icon-box-content\">\n\t\t\t\t<h3 class=\"elementor-icon-box-title\">\n\t\t\t\t\t<a href=\"https:\/\/cunreu.usac.edu.gt\/wp-content\/uploads\/2022\/07\/Normativo-de-Estudios-de-Postgrado-Del-Centro-Universitario-de-Retalhuleu-APROBADO-E-IMPRESO.pdf\" >\n\t\t\t\t\t\tNORMATIVO DE ESTUDIOS DE POSTGRADO\t\t\t\t\t<\/a>\n\t\t\t\t<\/h3>\n\t\t\t\t\t\t\t\t\t<p class=\"elementor-icon-box-description\">\n\t\t\t\t\t\tNormativo General para los estudios de Postgrado del Centro Universitario de Retalhuleu\t\t\t\t\t<\/p>\n\t\t\t\t\t\t\t<\/div>\n\t\t<\/div>\n\t\t\t\t<\/div>\n\t\t\t\t<\/div>\n\t\t\t\t\t<\/div>\n\t\t<\/div>\n\t\t\t\t<div class=\"elementor-column elementor-col-33 elementor-inner-column elementor-element elementor-element-6270822\" data-id=\"6270822\" data-element_type=\"column\">\n\t\t\t<div class=\"elementor-widget-wrap elementor-element-populated\">\n\t\t\t\t\t\t\t\t<div class=\"elementor-element elementor-element-ffeaa5f elementor-view-default elementor-mobile-position-top elementor-vertical-align-top elementor-widget elementor-widget-icon-box\" data-id=\"ffeaa5f\" data-element_type=\"widget\" data-widget_type=\"icon-box.default\">\n\t\t\t\t<div class=\"elementor-widget-container\">\n\t\t\t\t\t<div class=\"elementor-icon-box-wrapper\">\n\t\t\t\t\t\t<div class=\"elementor-icon-box-icon\">\n\t\t\t\t<a class=\"elementor-icon elementor-animation-\" href=\"https:\/\/cunreu.usac.edu.gt\/wp-content\/uploads\/2022\/07\/Normativo-de-Examenes-por-suficiencia-1.pdf\">\n\t\t\t\t<i aria-hidden=\"true\" class=\"fas fa-file\"><\/i>\t\t\t\t<\/a>\n\t\t\t<\/div>\n\t\t\t\t\t\t<div class=\"elementor-icon-box-content\">\n\t\t\t\t<h3 class=\"elementor-icon-box-title\">\n\t\t\t\t\t<a href=\"https:\/\/cunreu.usac.edu.gt\/wp-content\/uploads\/2022\/07\/Normativo-de-Examenes-por-suficiencia-1.pdf\" >\n\t\t\t\t\t\tNORMATIVO PARA EX\u00c1MENES POR SUFICIENCIA DE LOS ESTUDIANTES\t\t\t\t\t<\/a>\n\t\t\t\t<\/h3>\n\t\t\t\t\t\t\t\t\t<p class=\"elementor-icon-box-description\">\n\t\t\t\t\t\tNormativo para los estudiantes que prefieran optar por los ex\u00e1menes de suficiencia en el Centro Universitario de Retalhuleu\n\t\t\t\t\t<\/p>\n\t\t\t\t\t\t\t<\/div>\n\t\t<\/div>\n\t\t\t\t<\/div>\n\t\t\t\t<\/div>\n\t\t\t\t\t<\/div>\n\t\t<\/div>\n\t\t\t\t\t\t\t<\/div>\n\t\t<\/section>\n\t\t\t\t<section class=\"elementor-section elementor-inner-section elementor-element elementor-element-17bcb47 elementor-section-boxed elementor-section-height-default elementor-section-height-default\" data-id=\"17bcb47\" data-element_type=\"section\">\n\t\t\t\t\t\t<div class=\"elementor-container elementor-column-gap-default\">\n\t\t\t\t\t\t\t\t<\/div>\n\t\t<\/section>\n\t\t\t\t\t<\/div>\n\t\t<\/div>\n\t\t\t\t\t\t\t<\/div>\n\t\t<\/section>\n\t\t\t\t<section class=\"elementor-section elementor-top-section elementor-element elementor-element-79cb0bb elementor-section-boxed elementor-section-height-default elementor-section-height-default\" data-id=\"79cb0bb\" data-element_type=\"section\">\n\t\t\t\t\t\t<div class=\"elementor-container elementor-column-gap-default\">\n\t\t\t\t\t\t\t\t<\/div>\n\t\t<\/section>\n\t\t\t\t<section class=\"elementor-section elementor-top-section elementor-element elementor-element-3b23aa0 elementor-section-boxed elementor-section-height-default elementor-section-height-default\" data-id=\"3b23aa0\" data-element_type=\"section\">\n\t\t\t\t\t\t<div class=\"elementor-container elementor-column-gap-default\">\n\t\t\t\t\t\t\t\t<\/div>\n\t\t<\/section>\n\t\t\t\t<section class=\"elementor-section elementor-top-section elementor-element elementor-element-1f88e31 elementor-section-boxed elementor-section-height-default elementor-section-height-default\" data-id=\"1f88e31\" data-element_type=\"section\">\n\t\t\t\t\t\t<div class=\"elementor-container elementor-column-gap-default\">\n\t\t\t\t\t\t\t\t<\/div>\n\t\t<\/section>\n\t\t\t\t<section class=\"elementor-section elementor-top-section elementor-element elementor-element-31110e2 elementor-section-boxed elementor-section-height-default elementor-section-height-default\" data-id=\"31110e2\" data-element_type=\"section\">\n\t\t\t\t\t\t<div class=\"elementor-container elementor-column-gap-default\">\n\t\t\t\t\t\t\t\t<\/div>\n\t\t<\/section>\n\t\t\t\t<section class=\"elementor-section elementor-top-section elementor-element elementor-element-16cf666 elementor-section-boxed elementor-section-height-default elementor-section-height-default\" data-id=\"16cf666\" data-element_type=\"section\">\n\t\t\t\t\t\t<div class=\"elementor-container elementor-column-gap-default\">\n\t\t\t\t\t\t\t\t<\/div>\n\t\t<\/section>\n\t\t\t\t<section class=\"elementor-section elementor-top-section elementor-element elementor-element-e41f1b9 elementor-section-boxed elementor-section-height-default elementor-section-height-default\" data-id=\"e41f1b9\" data-element_type=\"section\">\n\t\t\t\t\t\t<div class=\"elementor-container elementor-column-gap-default\">\n\t\t\t\t\t\t\t\t<\/div>\n\t\t<\/section>\n\t\t\t\t<section class=\"elementor-section elementor-top-section elementor-element elementor-element-28ac631 elementor-section-boxed elementor-section-height-default elementor-section-height-default\" data-id=\"28ac631\" data-element_type=\"section\">\n\t\t\t\t\t\t<div class=\"elementor-container elementor-column-gap-default\">\n\t\t\t\t\t<div class=\"elementor-column elementor-col-33 elementor-top-column elementor-element elementor-element-733b939\" data-id=\"733b939\" data-element_type=\"column\">\n\t\t\t<div class=\"elementor-widget-wrap elementor-element-populated\">\n\t\t\t\t\t\t\t\t<div class=\"elementor-element elementor-element-6284f3d elementor-view-default elementor-mobile-position-top elementor-vertical-align-top elementor-widget elementor-widget-icon-box\" data-id=\"6284f3d\" data-element_type=\"widget\" data-widget_type=\"icon-box.default\">\n\t\t\t\t<div class=\"elementor-widget-container\">\n\t\t\t\t\t<div class=\"elementor-icon-box-wrapper\">\n\t\t\t\t\t\t<div class=\"elementor-icon-box-icon\">\n\t\t\t\t<a class=\"elementor-icon elementor-animation-\" href=\"https:\/\/cunreu.usac.edu.gt\/wp-content\/uploads\/2024\/02\/NORMATIVO-DE-PRACTICA-PROFESIONAL-SUPERVISADA-ZOOTECNIA.pdf\">\n\t\t\t\t<i aria-hidden=\"true\" class=\"fas fa-file\"><\/i>\t\t\t\t<\/a>\n\t\t\t<\/div>\n\t\t\t\t\t\t<div class=\"elementor-icon-box-content\">\n\t\t\t\t<h3 class=\"elementor-icon-box-title\">\n\t\t\t\t\t<a href=\"https:\/\/cunreu.usac.edu.gt\/wp-content\/uploads\/2024\/02\/NORMATIVO-DE-PRACTICA-PROFESIONAL-SUPERVISADA-ZOOTECNIA.pdf\" >\n\t\t\t\t\t\tNORMATIVO DE PR\u00c1CTICA PROFESIONAL SUPERVISADA (PPS)\t\t\t\t\t<\/a>\n\t\t\t\t<\/h3>\n\t\t\t\t\t\t\t\t\t<p class=\"elementor-icon-box-description\">\n\t\t\t\t\t\tNormativo para los estudiantes y profesionales encargados de realizar, ejecutar y supervisar la pr\u00e1ctica profesional supervisada de la carrera de Licenciatura en Zootecnia\t\t\t\t\t<\/p>\n\t\t\t\t\t\t\t<\/div>\n\t\t<\/div>\n\t\t\t\t<\/div>\n\t\t\t\t<\/div>\n\t\t\t\t\t<\/div>\n\t\t<\/div>\n\t\t\t\t<div class=\"elementor-column elementor-col-33 elementor-top-column elementor-element elementor-element-b453ffd\" data-id=\"b453ffd\" data-element_type=\"column\">\n\t\t\t<div class=\"elementor-widget-wrap elementor-element-populated\">\n\t\t\t\t\t\t\t\t<div class=\"elementor-element elementor-element-31209b4 elementor-view-default elementor-mobile-position-top elementor-vertical-align-top elementor-widget elementor-widget-icon-box\" data-id=\"31209b4\" data-element_type=\"widget\" data-widget_type=\"icon-box.default\">\n\t\t\t\t<div class=\"elementor-widget-container\">\n\t\t\t\t\t<div class=\"elementor-icon-box-wrapper\">\n\t\t\t\t\t\t<div class=\"elementor-icon-box-icon\">\n\t\t\t\t<a class=\"elementor-icon elementor-animation-\" href=\"https:\/\/cunreu.usac.edu.gt\/wp-content\/uploads\/2024\/02\/NORMATIVO-TRABAJO-DE-GRADUACION-TURISMO.pdf\">\n\t\t\t\t<i aria-hidden=\"true\" class=\"fas fa-file\"><\/i>\t\t\t\t<\/a>\n\t\t\t<\/div>\n\t\t\t\t\t\t<div class=\"elementor-icon-box-content\">\n\t\t\t\t<h3 class=\"elementor-icon-box-title\">\n\t\t\t\t\t<a href=\"https:\/\/cunreu.usac.edu.gt\/wp-content\/uploads\/2024\/02\/NORMATIVO-TRABAJO-DE-GRADUACION-TURISMO.pdf\" >\n\t\t\t\t\t\tNORMATIVO DE TRABAJO DE GRADUACI\u00d3N\t\t\t\t\t<\/a>\n\t\t\t\t<\/h3>\n\t\t\t\t\t\t\t\t\t<p class=\"elementor-icon-box-description\">\n\t\t\t\t\t\tNormativo para los estudiantes que est\u00e1n finalizando sus estudios de la carrera de Licenciatura en Administraci\u00f3n de Recursos Tur\u00edsticos y est\u00e1n pr\u00f3ximos a realizar el proyecto de investigaci\u00f3n o trabajo de graduaci\u00f3n\t\t\t\t\t<\/p>\n\t\t\t\t\t\t\t<\/div>\n\t\t<\/div>\n\t\t\t\t<\/div>\n\t\t\t\t<\/div>\n\t\t\t\t\t<\/div>\n\t\t<\/div>\n\t\t\t\t<div class=\"elementor-column elementor-col-33 elementor-top-column elementor-element elementor-element-9f3ae6b\" data-id=\"9f3ae6b\" data-element_type=\"column\">\n\t\t\t<div class=\"elementor-widget-wrap elementor-element-populated\">\n\t\t\t\t\t\t\t\t<div class=\"elementor-element elementor-element-aed51e2 elementor-view-default elementor-mobile-position-top elementor-vertical-align-top elementor-widget elementor-widget-icon-box\" data-id=\"aed51e2\" data-element_type=\"widget\" data-widget_type=\"icon-box.default\">\n\t\t\t\t<div class=\"elementor-widget-container\">\n\t\t\t\t\t<div class=\"elementor-icon-box-wrapper\">\n\t\t\t\t\t\t<div class=\"elementor-icon-box-icon\">\n\t\t\t\t<a class=\"elementor-icon elementor-animation-\" href=\"https:\/\/cunreu.usac.edu.gt\/wp-content\/uploads\/2025\/01\/Normativo-Escuela-de-Vacaciones-2025-1.pdf\">\n\t\t\t\t<i aria-hidden=\"true\" class=\"fas fa-file\"><\/i>\t\t\t\t<\/a>\n\t\t\t<\/div>\n\t\t\t\t\t\t<div class=\"elementor-icon-box-content\">\n\t\t\t\t<h3 class=\"elementor-icon-box-title\">\n\t\t\t\t\t<a href=\"https:\/\/cunreu.usac.edu.gt\/wp-content\/uploads\/2025\/01\/Normativo-Escuela-de-Vacaciones-2025-1.pdf\" >\n\t\t\t\t\t\tNORMATIVO DE LA ESCUELA DE VACACIONES\t\t\t\t\t<\/a>\n\t\t\t\t<\/h3>\n\t\t\t\t\t\t\t\t\t<p class=\"elementor-icon-box-description\">\n\t\t\t\t\t\tNormativo para el desarrollo de la escuela vacacional del Centro Universitario de Retalhuleu\t\t\t\t\t<\/p>\n\t\t\t\t\t\t\t<\/div>\n\t\t<\/div>\n\t\t\t\t<\/div>\n\t\t\t\t<\/div>\n\t\t\t\t\t<\/div>\n\t\t<\/div>\n\t\t\t\t\t\t\t<\/div>\n\t\t<\/section>\n\t\t\t\t<section class=\"elementor-section elementor-top-section elementor-element elementor-element-7d0835a elementor-section-boxed elementor-section-height-default elementor-section-height-default\" data-id=\"7d0835a\" data-element_type=\"section\">\n\t\t\t\t\t\t<div class=\"elementor-container elementor-column-gap-default\">\n\t\t\t\t\t<div class=\"elementor-column elementor-col-33 elementor-top-column elementor-element elementor-element-c268ee2\" data-id=\"c268ee2\" data-element_type=\"column\">\n\t\t\t<div class=\"elementor-widget-wrap elementor-element-populated\">\n\t\t\t\t\t\t\t\t<div class=\"elementor-element elementor-element-15c10ae elementor-view-default elementor-mobile-position-top elementor-vertical-align-top elementor-widget elementor-widget-icon-box\" data-id=\"15c10ae\" data-element_type=\"widget\" data-widget_type=\"icon-box.default\">\n\t\t\t\t<div class=\"elementor-widget-container\">\n\t\t\t\t\t<div class=\"elementor-icon-box-wrapper\">\n\t\t\t\t\t\t<div class=\"elementor-icon-box-icon\">\n\t\t\t\t<a class=\"elementor-icon elementor-animation-\" href=\"https:\/\/cunreu.usac.edu.gt\/wp-content\/uploads\/2024\/08\/NORMATIVO-DE-TRABAJO-DE-GRADUACION-DE-LA-CARRERA-DE-LICENCIATURA-EN-ZOOTECNIA.pdf\">\n\t\t\t\t<i aria-hidden=\"true\" class=\"fas fa-file\"><\/i>\t\t\t\t<\/a>\n\t\t\t<\/div>\n\t\t\t\t\t\t<div class=\"elementor-icon-box-content\">\n\t\t\t\t<h3 class=\"elementor-icon-box-title\">\n\t\t\t\t\t<a href=\"https:\/\/cunreu.usac.edu.gt\/wp-content\/uploads\/2024\/08\/NORMATIVO-DE-TRABAJO-DE-GRADUACION-DE-LA-CARRERA-DE-LICENCIATURA-EN-ZOOTECNIA.pdf\" >\n\t\t\t\t\t\tNORMATIVO DE TRABAJO DE GRADUACI\u00d3N DE LA CARRERA DE LICENCIATURA EN ZOOTECNIA\t\t\t\t\t<\/a>\n\t\t\t\t<\/h3>\n\t\t\t\t\t\t\t\t\t<p class=\"elementor-icon-box-description\">\n\t\t\t\t\t\tNormativo para los estudiantes de la carrera de Licenciatura en Zootecnia, para regular las directrices para crear las opciones de Trabajo de Graduaci\u00f3n\t\t\t\t\t<\/p>\n\t\t\t\t\t\t\t<\/div>\n\t\t<\/div>\n\t\t\t\t<\/div>\n\t\t\t\t<\/div>\n\t\t\t\t\t<\/div>\n\t\t<\/div>\n\t\t\t\t<div class=\"elementor-column elementor-col-33 elementor-top-column elementor-element elementor-element-8e5c0c6\" data-id=\"8e5c0c6\" data-element_type=\"column\">\n\t\t\t<div class=\"elementor-widget-wrap\">\n\t\t\t\t\t\t\t\t\t<\/div>\n\t\t<\/div>\n\t\t\t\t<div class=\"elementor-column elementor-col-33 elementor-top-column elementor-element elementor-element-d725533\" data-id=\"d725533\" data-element_type=\"column\">\n\t\t\t<div class=\"elementor-widget-wrap\">\n\t\t\t\t\t\t\t\t\t<\/div>\n\t\t<\/div>\n\t\t\t\t\t\t\t<\/div>\n\t\t<\/section>\n\t\t\t\t\t\t\t<\/div>\n\t\t","protected":false},"excerpt":{"rendered":"<p>NORMATIVO DE EJERCICIO PROFESIONAL SUPERVISADO Normativo de la carrera de Administraci\u00f3n de Recursos Tur\u00edsticos en el grado de licenciatura del Centro Universitario de Retalhuleu NORMATIVO DE ESTUDIOS DE POSTGRADO Normativo General para los estudios de Postgrado del Centro Universitario de Retalhuleu NORMATIVO PARA EX\u00c1MENES POR SUFICIENCIA DE LOS ESTUDIANTES Normativo para los estudiantes que prefieran &hellip;<br \/><a href=\"https:\/\/cunreu.usac.edu.gt\/index.php\/reglamentos\/\" class=\"more-link pen_button pen_element_default pen_icon_arrow_double\">Seguir leyendo <span class=\"screen-reader-text\">REGLAMENTOS y NORMATIVOS<\/span><\/a><\/p>\n","protected":false},"author":7,"featured_media":0,"parent":0,"menu_order":0,"comment_status":"closed","ping_status":"closed","template":"","meta":[],"_links":{"self":[{"href":"https:\/\/cunreu.usac.edu.gt\/index.php\/wp-json\/wp\/v2\/pages\/2661"}],"collection":[{"href":"https:\/\/cunreu.usac.edu.gt\/index.php\/wp-json\/wp\/v2\/pages"}],"about":[{"href":"https:\/\/cunreu.usac.edu.gt\/index.php\/wp-json\/wp\/v2\/types\/page"}],"author":[{"embeddable":true,"href":"https:\/\/cunreu.usac.edu.gt\/index.php\/wp-json\/wp\/v2\/users\/7"}],"replies":[{"embeddable":true,"href":"https:\/\/cunreu.usac.edu.gt\/index.php\/wp-json\/wp\/v2\/comments?post=2661"}],"version-history":[{"count":50,"href":"https:\/\/cunreu.usac.edu.gt\/index.php\/wp-json\/wp\/v2\/pages\/2661\/revisions"}],"predecessor-version":[{"id":6032,"href":"https:\/\/cunreu.usac.edu.gt\/index.php\/wp-json\/wp\/v2\/pages\/2661\/revisions\/6032"}],"wp:attachment":[{"href":"https:\/\/cunreu.usac.edu.gt\/index.php\/wp-json\/wp\/v2\/media?parent=2661"}],"curies":[{"name":"wp","href":"https:\/\/api.w.org\/{rel}","templated":true}]}}