{"id":8,"date":"2017-06-20T20:05:28","date_gmt":"2017-06-21T02:05:28","guid":{"rendered":"http:\/\/c3.usac.edu.gt\/cunreu.usac.edu.gt\/public_html\/?page_id=8"},"modified":"2026-04-29T19:26:02","modified_gmt":"2026-04-30T01:26:02","slug":"inicio","status":"publish","type":"page","link":"https:\/\/cunreu.usac.edu.gt\/","title":{"rendered":"INICIO"},"content":{"rendered":"<p>&lt;figure&gt;&lt;img src=\u00bbhttps:\/\/cunreu.usac.edu.gt\/wp-content\/uploads\/2023\/03\/PortadaCUNREU-2.jpg\u00bb alt=\u00bbCUNREU-\u00ab&gt;&lt;figcaption&gt;CUNREU-&lt;\/figcaption&gt;&lt;\/figure&gt;<br \/>\n&lt;figure&gt;&lt;img src=\u00bbhttps:\/\/cunreu.usac.edu.gt\/wp-content\/uploads\/2022\/02\/PortadaZootecnia2.jpg\u00bb alt=\u00bbLICENCIATURA EN ZOOTECNIA\u00bb&gt;&lt;p&gt;&lt;\/p&gt;<br \/>\n&lt;figcaption&gt;LICENCIATURA EN ZOOTECNIA&lt;\/figcaption&gt;<br \/>\n&lt;\/figure&gt;<br \/>\n&lt;figure&gt;&lt;img src=\u00bbhttps:\/\/cunreu.usac.edu.gt\/wp-content\/uploads\/2022\/02\/LaboratorioZootecnia.jpg\u00bb alt=\u00bbLABORATORIOS DE PR\u00c1CTICA E INVESTIGACI\u00d3N\u00bb&gt;&lt;p&gt;&lt;\/p&gt;<br \/>\n&lt;figcaption&gt;LABORATORIOS DE PR\u00c1CTICA E INVESTIGACI\u00d3N&lt;\/figcaption&gt;<br \/>\n&lt;\/figure&gt;<br \/>\n&lt;figure&gt;&lt;img src=\u00bbhttps:\/\/cunreu.usac.edu.gt\/wp-content\/uploads\/2022\/02\/PortadaTurismo.jpg\u00bb alt=\u00bbLICENCIATURA EN ADMINISTRACI\u00d3N DE RECURSOS TUR\u00cdSTICOS\u00bb&gt;&lt;p&gt;&lt;\/p&gt;<br \/>\n&lt;figcaption&gt;LICENCIATURA EN ADMINISTRACI\u00d3N DE RECURSOS TUR\u00cdSTICOS&lt;\/figcaption&gt;<br \/>\n&lt;\/figure&gt;<br \/>\n&lt;figure&gt;&lt;img src=\u00bbhttps:\/\/cunreu.usac.edu.gt\/wp-content\/uploads\/2022\/02\/PortadaZootecnia3.jpg\u00bb alt=\u00bbDESARROLLO PR\u00c1CTICO E INTELECTUAL\u00bb&gt;&lt;p&gt;&lt;\/p&gt;<br \/>\n&lt;figcaption&gt;DESARROLLO PR\u00c1CTICO E INTELECTUAL&lt;\/figcaption&gt;<br \/>\n&lt;\/figure&gt;<br \/>\n&lt;figure&gt;&lt;img src=\u00bbhttps:\/\/cunreu.usac.edu.gt\/wp-content\/uploads\/2021\/07\/banner002-1500&#215;500-1.jpg\u00bb alt=\u00bbCUNREU &#8211; NIVEL T\u00c9CNICO, LICENCIATURA Y POSGRADO\u00bb&gt;&lt;p&gt;&lt;\/p&gt;<br \/>\n&lt;figcaption&gt;CUNREU &#8211; NIVEL T\u00c9CNICO, LICENCIATURA Y POSGRADO&lt;\/figcaption&gt;<br \/>\n&lt;\/figure&gt;<br \/>\n&lt;p&gt;\t\t\t\t\t\t\t\t\t\t\t\tAnterior&lt;br&gt;<br \/>\nSiguiente&lt;\/p&gt;<br \/>\n&lt;h1&gt;Anuncios Recientes&lt;\/h1&gt;<br \/>\n&lt;figure class=\u00bbgallery-item\u00bb&gt;<br \/>\n&lt;a data-elementor-open-lightbox=\u00bbyes\u00bb data-elementor-lightbox-slideshow=\u00bbe4e9ec6&#8243; data-elementor-lightbox-title=\u00bbPromoci\u00f3n Carreras CUNREU &#8211; USAC\u00bb data-elementor-lightbox-description=\u00bbEstudia con nosotros en el Centro Universitario de Retalhuleu de la Universidad de San Carlos de Guatemala Las Carreras de T\u00e9cnico en Producci\u00f3n Pecuaria, Licenciatura en Zootecnia y Licenciatura en Administraci\u00f3n de Recursos Tur\u00edsticos \u00bb e-action-hash=\u00bb#elementor-action%3Aaction%3Dlightbox%26settings%3DeyJpZCI6MjY0OCwidXJsIjoiaHR0cHM6XC9cL2N1bnJldS51c2FjLmVkdS5ndFwvd3AtY29udGVudFwvdXBsb2Fkc1wvMjAyMlwvMDdcL1Byb21vY2lvbi1jYXJlcmFzLmpwZyIsInNsaWRlc2hvdyI6ImU0ZTllYzYifQ%3D%3D\u00bb href=\u00bbhttps:\/\/cunreu.usac.edu.gt\/wp-content\/uploads\/2022\/07\/Promocion-careras.jpg\u00bb&gt;&lt;img width=\u00bb231&#8243; height=\u00bb300&#8243; src=\u00bbhttps:\/\/cunreu.usac.edu.gt\/wp-content\/uploads\/2022\/07\/Promocion-careras-231&#215;300.jpg\u00bb alt=\u00bb\u00bb loading=\u00bblazy\u00bb aria-describedby=\u00bbgallery-1-2648&#8243; srcset=\u00bbhttps:\/\/cunreu.usac.edu.gt\/wp-content\/uploads\/2022\/07\/Promocion-careras-231&#215;300.jpg 231w, https:\/\/cunreu.usac.edu.gt\/wp-content\/uploads\/2022\/07\/Promocion-careras-788&#215;1024.jpg 788w, https:\/\/cunreu.usac.edu.gt\/wp-content\/uploads\/2022\/07\/Promocion-careras-768&#215;998.jpg 768w, https:\/\/cunreu.usac.edu.gt\/wp-content\/uploads\/2022\/07\/Promocion-careras-1182&#215;1536.jpg 1182w, https:\/\/cunreu.usac.edu.gt\/wp-content\/uploads\/2022\/07\/Promocion-careras-1576&#215;2048.jpg 1576w, https:\/\/cunreu.usac.edu.gt\/wp-content\/uploads\/2022\/07\/Promocion-careras.jpg 1969w\u00bb sizes=\u00bb(max-width: 231px) 100vw, 231px\u00bb&gt;&lt;\/a&gt;&lt;p&gt;&lt;\/p&gt;<br \/>\n&lt;figcaption class=\u00bbwp-caption-text gallery-caption\u00bb id=\u00bbgallery-1-2648&#8243;&gt;<br \/>\nEstudia con nosotros Las Carreras de T\u00e9cnico en Producci\u00f3n Pecuaria, Licenciatura en Zootecnia y Licenciatura en Administraci\u00f3n de Recursos Tur\u00edsticos&lt;br&gt;<br \/>\n&lt;\/figcaption&gt;<br \/>\n&lt;\/figure&gt;<br \/>\n&lt;figure class=\u00bbgallery-item\u00bb&gt;<br \/>\n&lt;a data-elementor-open-lightbox=\u00bbyes\u00bb data-elementor-lightbox-slideshow=\u00bbe4e9ec6&#8243; data-elementor-lightbox-title=\u00bbInscripciones USAC CUNREU\u00bb data-elementor-lightbox-description=\u00bbProceso de los pasos que debes llevar si deseas estudiar en la Universidad de San Carlos de Guatemala USAC en el Centro Universitario de Retalhuleu Cunreu\u00bb e-action-hash=\u00bb#elementor-action%3Aaction%3Dlightbox%26settings%3DeyJpZCI6MzEyMywidXJsIjoiaHR0cHM6XC9cL2N1bnJldS51c2FjLmVkdS5ndFwvd3AtY29udGVudFwvdXBsb2Fkc1wvMjAyM1wvMDVcL1doYXRzQXBwLUltYWdlLTIwMjMtMDUtMDktYXQtNC4yMy4zMy1QTS0xLmpwZWciLCJzbGlkZXNob3ciOiJlNGU5ZWM2In0%3D\u00bb href=\u00bbhttps:\/\/cunreu.usac.edu.gt\/wp-content\/uploads\/2023\/05\/WhatsApp-Image-2023-05-09-at-4.23.33-PM-1.jpeg\u00bb&gt;&lt;img width=\u00bb240&#8243; height=\u00bb300&#8243; src=\u00bbhttps:\/\/cunreu.usac.edu.gt\/wp-content\/uploads\/2023\/05\/WhatsApp-Image-2023-05-09-at-4.23.33-PM-1-240&#215;300.jpeg\u00bb alt=\u00bb\u00bb loading=\u00bblazy\u00bb aria-describedby=\u00bbgallery-1-3123&#8243; srcset=\u00bbhttps:\/\/cunreu.usac.edu.gt\/wp-content\/uploads\/2023\/05\/WhatsApp-Image-2023-05-09-at-4.23.33-PM-1-240&#215;300.jpeg 240w, https:\/\/cunreu.usac.edu.gt\/wp-content\/uploads\/2023\/05\/WhatsApp-Image-2023-05-09-at-4.23.33-PM-1.jpeg 720w\u00bb sizes=\u00bb(max-width: 240px) 100vw, 240px\u00bb&gt;&lt;\/a&gt;&lt;p&gt;&lt;\/p&gt;<br \/>\n&lt;figcaption class=\u00bbwp-caption-text gallery-caption\u00bb id=\u00bbgallery-1-3123&#8243;&gt;<br \/>\nProceso de los pasos que debes llevar si deseas estudiar en la Universidad de San Carlos de Guatemala USAC en el Centro Universitario de Retalhuleu Cunreu&lt;br&gt;<br \/>\n&lt;\/figcaption&gt;<br \/>\n&lt;\/figure&gt;<br \/>\n&lt;p&gt;\t\t\t&lt;a href=\u00bbhttps:\/\/vocacional.usac.edu.gt\/inscripcion\u00bb role=\u00bbbutton\u00bb&gt;&lt;br&gt;<br \/>\nInscr\u00edbete a la Prueba de Orientaci\u00f3n Vocacional.  presiona aqu\u00ed&lt;br&gt;<br \/>\n&lt;\/a&gt;&lt;\/p&gt;<br \/>\n&lt;h1&gt;Licenciaturas&lt;a style=\u00bbtext-decoration:none; color: black;\u00bb a=\u00bb\u00bb href=\u00bbhttps:\/\/cunreu.usac.edu.gt\/index.php\/which-is-the-most-widespread-licenses-for-internet-casino-australia\/\u00bb&gt;.&lt;\/a&gt;&lt;\/h1&gt;<br \/>\n&lt;p style=\u00bbtext-align: center;\u00bb&gt;&lt;a href=\u00bbindex.php\/carreras\/licenciatura-en-zootecnia\/\u00bb&gt;&lt;img src=\u00bbhttps:\/\/cunreu.usac.edu.gt\/wp-content\/uploads\/2020\/08\/Logo-nuevo-Zootecnia-edited-288&#215;300.jpeg\u00bb alt=\u00bb\u00bb width=\u00bb288&#8243; height=\u00bb300&#8243;&gt;&lt;\/a&gt;&lt;\/p&gt;<br \/>\n&lt;p style=\u00bbpadding: 0px; margin: 0px;\u00bb&gt;<div class=\"eds-animate  \" data-eds-entry-animation=\"flash\" data-eds-entry-delay=\"5\" data-eds-entry-duration=\"3\" data-eds-entry-timing=\"linear\" data-eds-exit-animation=\"\" data-eds-exit-delay=\"\" data-eds-exit-duration=\"\" data-eds-exit-timing=\"\" data-eds-repeat-count=\"1\" data-eds-keep=\"no\" data-eds-animate-on=\"scroll\" data-eds-scroll-offset=\"75\">&lt;\/p&gt;<\/p>\n<p>&lt;!&#8211; wp:paragraph &#8211;&gt;<br \/>\n&lt;p&gt;&lt;p style=\u00bbpadding: 0px; margin: 0px; text-align: center; font-size: calc(1em + 0.5vw);\u00bb&gt;LICENCIATURA EN ZOOTECNIA&lt;\/p&gt;&lt;\/p&gt;<br \/>\n&lt;!&#8211; \/wp:paragraph &#8211;&gt;<\/p>\n<p>&lt;p&gt;<\/div>&lt;\/p&gt;<br \/>\n&lt;h3 style=\u00bbtext-align: center; padding: 0px; margin: 0px;\u00bb&gt;Carrera enfocada en la cr\u00eda, manejo y explotaci\u00f3n racional de las especies animales econ\u00f3micamente importantes para el hombre, incluyendo su industrializaci\u00f3n y comercializaci\u00f3n.&lt;\/h3&gt;<br \/>\n&lt;p style=\u00bbtext-align: center;\u00bb&gt;&lt;a href=\u00bbindex.php\/carreras\/licenciatura-de-administracion-de-recursos-turisticos\/\u00bb&gt;&lt;img src=\u00bbhttps:\/\/cunreu.usac.edu.gt\/wp-content\/uploads\/2020\/08\/logo-Turismo-CUNREU-300&#215;297.jpg\u00bb alt=\u00bb\u00bb width=\u00bb300&#8243; height=\u00bb297&#8243;&gt;&lt;\/a&gt;&lt;\/p&gt;<br \/>\n&lt;p style=\u00bbpadding: 0px; margin: 0px; text-align: center;\u00bb&gt;<div class=\"eds-animate  \" data-eds-entry-animation=\"flash\" data-eds-entry-delay=\"6\" data-eds-entry-duration=\"3\" data-eds-entry-timing=\"linear\" data-eds-exit-animation=\"\" data-eds-exit-delay=\"\" data-eds-exit-duration=\"\" data-eds-exit-timing=\"\" data-eds-repeat-count=\"1\" data-eds-keep=\"no\" data-eds-animate-on=\"scroll\" data-eds-scroll-offset=\"75\">&lt;\/p&gt;<\/p>\n<p>&lt;!&#8211; wp:paragraph &#8211;&gt;<br \/>\n&lt;p&gt;&lt;h2 style=\u00bbpadding: 0px; margin: 0px; text-align: center;\u00bb&gt;LICENCIATURA EN ADMINISTRACI\u00d3N DE RECURSOS TUR\u00cdSTICOS&lt;\/h2&gt;&lt;\/p&gt;<br \/>\n&lt;!&#8211; \/wp:paragraph &#8211;&gt;<\/p>\n<p>&lt;p&gt;<\/div>&lt;\/p&gt;<br \/>\n&lt;h3 style=\u00bbpadding:0px; margin:0px;text-align: center;\u00bb&gt;Carrera de administraci\u00f3n enfocada en promover el desarrollo econ\u00f3mico, social y cultural del pa\u00eds&lt;\/h3&gt;<br \/>\n&lt;p&gt;\t\t\t&lt;!&#8211; Messenger plugin de chat Code &#8211;&gt;&lt;br&gt;<br \/>\n&lt;!&#8211; Your plugin de chat code &#8211;&gt;&lt;\/p&gt;<br \/>\n&lt;h1&gt;Objetivos Principales&lt;a style=\u00bbtext-decoration:none; color: black;\u00bb a=\u00bb\u00bb href=\u00bbhttps:\/\/cunreu.usac.edu.gt\/index.php\/2022\/07\/15\/elektronnyy-azartnyy-zaklad-ukrayiny-na-spravzhni-koshty\/\u00bb&gt;.&lt;\/a&gt;&lt;\/h1&gt;<br \/>\n&lt;p&gt;\t\t\t\t&lt;a href=\u00bbindex.php\/objetivos\/\u00bb&gt;&lt;br&gt;<br \/>\n&lt;\/a&gt;&lt;\/p&gt;<br \/>\n&lt;h2&gt;<br \/>\n&lt;a href=\u00bbindex.php\/objetivos\/\u00bb&gt;&lt;br&gt;<br \/>\nAcesso a la Educaci\u00f3n\t\t\t\t\t&lt;\/a&gt;&lt;br&gt;<br \/>\n&lt;\/h2&gt;<br \/>\n&lt;p&gt;<br \/>\nLograr que la poblaci\u00f3n retalteca tenga acceso a educaci\u00f3n superior con excelencia acad\u00e9mica y compromiso \u00e9tico, para incidir en el desarrollo del departamento y del pa\u00eds&lt;\/p&gt;<br \/>\n&lt;p&gt;\t\t\t\t&lt;a href=\u00bbindex.php\/objetivos\/\u00bb&gt;&lt;br&gt;<br \/>\n&lt;\/a&gt;&lt;\/p&gt;<br \/>\n&lt;h2&gt;<br \/>\n&lt;a href=\u00bbindex.php\/objetivos\/\u00bb&gt;&lt;br&gt;<br \/>\nFormar Profesionales\t\t\t\t\t&lt;\/a&gt;&lt;br&gt;<br \/>\n&lt;\/h2&gt;<br \/>\n&lt;p&gt;<br \/>\nCon habilidades, destrezas y conocimientos que les permitan, a trav\u00e9s de la praxis social, contribuir a mejorar las condiciones de vida de la poblaci\u00f3n.\t\t\t\t\t&lt;\/p&gt;<br \/>\n&lt;p&gt;\t\t\t\t&lt;a href=\u00bbindex.php\/objetivos\/\u00bb&gt;&lt;br&gt;<br \/>\n&lt;\/a&gt;&lt;\/p&gt;<br \/>\n&lt;h2&gt;<br \/>\n&lt;a href=\u00bbindex.php\/objetivos\/\u00bb&gt;&lt;br&gt;<br \/>\nProcesos de Desarrollo\t\t\t\t\t&lt;\/a&gt;&lt;br&gt;<br \/>\n&lt;\/h2&gt;<br \/>\n&lt;p&gt;<br \/>\nPromover alianzas estrat\u00e9gicas con el sector productivo de la regi\u00f3n e instituciones gubernamentales y no gubernamentales, para apoyar procesos de desarrollo del Centro Universitario.\t\t\t\t\t&lt;\/p&gt;<br \/>\n&lt;h1&gt;Misi\u00f3n&lt;\/h1&gt;<br \/>\n&lt;p&gt;\t\t\t\t&lt;a href=\u00bbindex.php\/objetivos\/\u00bb&gt;&lt;br&gt;<br \/>\n&lt;\/a&gt;&lt;\/p&gt;<br \/>\n&lt;h2&gt;<br \/>\n&lt;a href=\u00bbindex.php\/objetivos\/\u00bb&gt;&lt;br&gt;<br \/>\n&lt;\/a&gt;&lt;br&gt;<br \/>\n&lt;\/h2&gt;<br \/>\n&lt;p&gt;<br \/>\nSomos un Centro Universitario comprometido con la educaci\u00f3n superior de la regi\u00f3n, que forma profesionales con talento humano y valores, por medio de la adquisici\u00f3n, aplicaci\u00f3n y transmisi\u00f3n del conocimiento para elevar la calidad de vida de los habitantes y aportar soluciones a los problemas de la sociedad y el ambiente.\t\t\t\t\t&lt;\/p&gt;<br \/>\n&lt;h1&gt;Visi\u00f3n&lt;\/h1&gt;<br \/>\n&lt;p&gt;\t\t\t\t&lt;a href=\u00bbindex.php\/objetivos\/\u00bb&gt;&lt;br&gt;<br \/>\n&lt;\/a&gt;&lt;\/p&gt;<br \/>\n&lt;h2&gt;<br \/>\n&lt;a href=\u00bbindex.php\/objetivos\/\u00bb&gt;&lt;br&gt;<br \/>\n&lt;\/a&gt;&lt;br&gt;<br \/>\n&lt;\/h2&gt;<br \/>\n&lt;p&gt;<br \/>\nSer  la unidad acad\u00e9mica de la Universidad de San Carlos de Guatemala  encargada de difundir la educaci\u00f3n superior en la regi\u00f3n de la Costa Sur, a trav\u00e9s de la formaci\u00f3n de profesionales con excelencia acad\u00e9mica en distintas disciplinas cient\u00edficas, tecnol\u00f3gicas, human\u00edsticas y ambientales, con principios \u00e9ticos  y desarrollando los ejes estrat\u00e9gicos de la universidad: docencia, investigaci\u00f3n y extensi\u00f3n, que promuevan el desarrollo integral de la sociedad y respondan a las necesidades de la misma.\t\t\t\t\t&lt;\/p&gt;<br \/>\n&lt;p&gt;<div class=\"eds-animate  \" data-eds-entry-animation=\"flash\" data-eds-entry-delay=\"6\" data-eds-entry-duration=\"3\" data-eds-entry-timing=\"linear\" data-eds-exit-animation=\"\" data-eds-exit-delay=\"\" data-eds-exit-duration=\"\" data-eds-exit-timing=\"\" data-eds-repeat-count=\"1\" data-eds-keep=\"no\" data-eds-animate-on=\"scroll\" data-eds-scroll-offset=\"75\">&lt;\/p&gt;<\/p>\n<p>&lt;!&#8211; wp:paragraph &#8211;&gt;<br \/>\n&lt;p&gt;&lt;p style=\u00bbtext-align: center; font-size: calc(1em + 0.5vw);\u00bb&gt;El Centro Universitario de Retalhuleu de la Universidad de San Carlos de Guatemala, con sede en el departamento de Retalhuleu \u2013CUNREU- es autorizado por el Consejo Superior Universitario, con la finalidad de atender a los diferentes sectores de la sociedad de la regi\u00f3n, a trav\u00e9s de la formaci\u00f3n de recurso humano profesional en diversas disciplinas con calidad educativa.&lt;\/p&gt;&lt;\/p&gt;<br \/>\n&lt;!&#8211; \/wp:paragraph &#8211;&gt;<\/p>\n<div style=\"position: absolute; left: -7566px;\">\n<p><a href=\"https:\/\/casinotest2.com\/\">test2<\/a><\/p>\n<\/div>\n","protected":false},"excerpt":{"rendered":"<p>&lt;figure&gt;&lt;img src=\u00bbhttps:\/\/cunreu.usac.edu.gt\/wp-content\/uploads\/2023\/03\/PortadaCUNREU-2.jpg\u00bb alt=\u00bbCUNREU-\u00ab&gt;&lt;figcaption&gt;CUNREU-&lt;\/figcaption&gt;&lt;\/figure&gt; &lt;figure&gt;&lt;img src=\u00bbhttps:\/\/cunreu.usac.edu.gt\/wp-content\/uploads\/2022\/02\/PortadaZootecnia2.jpg\u00bb alt=\u00bbLICENCIATURA EN ZOOTECNIA\u00bb&gt;&lt;p&gt;&lt;\/p&gt; &lt;figcaption&gt;LICENCIATURA EN ZOOTECNIA&lt;\/figcaption&gt; &lt;\/figure&gt; &lt;figure&gt;&lt;img src=\u00bbhttps:\/\/cunreu.usac.edu.gt\/wp-content\/uploads\/2022\/02\/LaboratorioZootecnia.jpg\u00bb alt=\u00bbLABORATORIOS DE PR\u00c1CTICA E INVESTIGACI\u00d3N\u00bb&gt;&lt;p&gt;&lt;\/p&gt; &lt;figcaption&gt;LABORATORIOS DE PR\u00c1CTICA E INVESTIGACI\u00d3N&lt;\/figcaption&gt; &lt;\/figure&gt; &lt;figure&gt;&lt;img src=\u00bbhttps:\/\/cunreu.usac.edu.gt\/wp-content\/uploads\/2022\/02\/PortadaTurismo.jpg\u00bb alt=\u00bbLICENCIATURA EN ADMINISTRACI\u00d3N DE RECURSOS TUR\u00cdSTICOS\u00bb&gt;&lt;p&gt;&lt;\/p&gt; &lt;figcaption&gt;LICENCIATURA EN ADMINISTRACI\u00d3N DE RECURSOS TUR\u00cdSTICOS&lt;\/figcaption&gt; &lt;\/figure&gt; &lt;figure&gt;&lt;img src=\u00bbhttps:\/\/cunreu.usac.edu.gt\/wp-content\/uploads\/2022\/02\/PortadaZootecnia3.jpg\u00bb alt=\u00bbDESARROLLO PR\u00c1CTICO E INTELECTUAL\u00bb&gt;&lt;p&gt;&lt;\/p&gt; &lt;figcaption&gt;DESARROLLO PR\u00c1CTICO E INTELECTUAL&lt;\/figcaption&gt; &lt;\/figure&gt; &lt;figure&gt;&lt;img src=\u00bbhttps:\/\/cunreu.usac.edu.gt\/wp-content\/uploads\/2021\/07\/banner002-1500&#215;500-1.jpg\u00bb alt=\u00bbCUNREU &#8211; &hellip;<br \/><a href=\"https:\/\/cunreu.usac.edu.gt\/\" class=\"more-link pen_button pen_element_default pen_icon_arrow_double\">Seguir leyendo <span class=\"screen-reader-text\">INICIO<\/span><\/a><\/p>\n","protected":false},"author":1,"featured_media":0,"parent":0,"menu_order":1,"comment_status":"closed","ping_status":"closed","template":"","meta":[],"_links":{"self":[{"href":"https:\/\/cunreu.usac.edu.gt\/index.php\/wp-json\/wp\/v2\/pages\/8"}],"collection":[{"href":"https:\/\/cunreu.usac.edu.gt\/index.php\/wp-json\/wp\/v2\/pages"}],"about":[{"href":"https:\/\/cunreu.usac.edu.gt\/index.php\/wp-json\/wp\/v2\/types\/page"}],"author":[{"embeddable":true,"href":"https:\/\/cunreu.usac.edu.gt\/index.php\/wp-json\/wp\/v2\/users\/1"}],"replies":[{"embeddable":true,"href":"https:\/\/cunreu.usac.edu.gt\/index.php\/wp-json\/wp\/v2\/comments?post=8"}],"version-history":[{"count":770,"href":"https:\/\/cunreu.usac.edu.gt\/index.php\/wp-json\/wp\/v2\/pages\/8\/revisions"}],"predecessor-version":[{"id":12308,"href":"https:\/\/cunreu.usac.edu.gt\/index.php\/wp-json\/wp\/v2\/pages\/8\/revisions\/12308"}],"wp:attachment":[{"href":"https:\/\/cunreu.usac.edu.gt\/index.php\/wp-json\/wp\/v2\/media?parent=8"}],"curies":[{"name":"wp","href":"https:\/\/api.w.org\/{rel}","templated":true}]}}